{"id":291,"date":"2023-05-19T20:12:12","date_gmt":"2023-05-19T18:12:12","guid":{"rendered":"https:\/\/pixtarmedia.hu\/?page_id=291"},"modified":"2023-07-15T13:45:58","modified_gmt":"2023-07-15T11:45:58","slug":"seo","status":"publish","type":"page","link":"https:\/\/pixtarmedia.hu\/hu\/services\/seo\/","title":{"rendered":"SEO"},"content":{"rendered":"<div data-elementor-type=\"wp-page\" data-elementor-id=\"291\" class=\"elementor elementor-291\">\n\t\t\t\t\t\t\t\t\t<section data-particle_enable=\"false\" data-particle-mobile-disabled=\"false\" class=\"elementor-section elementor-top-section elementor-element elementor-element-0b34a23 elementor-section-boxed elementor-section-height-default elementor-section-height-default\" data-id=\"0b34a23\" data-element_type=\"section\" data-settings=\"{&quot;background_background&quot;:&quot;classic&quot;}\">\n\t\t\t\t\t\t\t<div class=\"elementor-background-overlay\"><\/div>\n\t\t\t\t\t\t\t<div class=\"elementor-container elementor-column-gap-default\">\n\t\t\t\t\t<div class=\"elementor-column elementor-col-100 elementor-top-column elementor-element elementor-element-4c350f5\" data-id=\"4c350f5\" data-element_type=\"column\">\n\t\t\t<div class=\"elementor-widget-wrap elementor-element-populated\">\n\t\t\t\t\t\t\t\t<div class=\"elementor-element elementor-element-7eda947 elementor-widget elementor-widget-heading\" data-id=\"7eda947\" data-element_type=\"widget\" data-widget_type=\"heading.default\">\n\t\t\t\t<div class=\"elementor-widget-container\">\n\t\t\t<style>\/*! elementor - v3.13.3 - 28-05-2023 *\/\n.elementor-heading-title{padding:0;margin:0;line-height:1}.elementor-widget-heading .elementor-heading-title[class*=elementor-size-]>a{color:inherit;font-size:inherit;line-height:inherit}.elementor-widget-heading .elementor-heading-title.elementor-size-small{font-size:15px}.elementor-widget-heading .elementor-heading-title.elementor-size-medium{font-size:19px}.elementor-widget-heading .elementor-heading-title.elementor-size-large{font-size:29px}.elementor-widget-heading .elementor-heading-title.elementor-size-xl{font-size:39px}.elementor-widget-heading .elementor-heading-title.elementor-size-xxl{font-size:59px}<\/style><h2 class=\"elementor-heading-title elementor-size-default\">Keres\u0151optimaliz\u00e1l\u00e1s<\/h2>\t\t<\/div>\n\t\t\t\t<\/div>\n\t\t\t\t<div class=\"elementor-element elementor-element-e55314a elementor-widget elementor-widget-button\" data-id=\"e55314a\" data-element_type=\"widget\" data-widget_type=\"button.default\">\n\t\t\t\t<div class=\"elementor-widget-container\">\n\t\t\t\t\t<div class=\"elementor-button-wrapper\">\n\t\t\t<a href=\"https:\/\/pixtarmedia.hu\/hu\/contact\/\" class=\"elementor-button-link elementor-button elementor-size-sm\" role=\"button\">\n\t\t\t\t\t\t<span class=\"elementor-button-content-wrapper\">\n\t\t\t\t\t\t<span class=\"elementor-button-text\">K\u00e9rj aj\u00e1nlatot<\/span>\n\t\t<\/span>\n\t\t\t\t\t<\/a>\n\t\t<\/div>\n\t\t\t\t<\/div>\n\t\t\t\t<\/div>\n\t\t\t\t<div class=\"elementor-element elementor-element-342c0a0 elementor-widget elementor-widget-heading\" data-id=\"342c0a0\" data-element_type=\"widget\" data-widget_type=\"heading.default\">\n\t\t\t\t<div class=\"elementor-widget-container\">\n\t\t\t<h2 class=\"elementor-heading-title elementor-size-default\">A SEO egy digit\u00e1lis marketing strat\u00e9gia, amelynek sor\u00e1n weboldalakat optimaliz\u00e1lnak a Google \u00e9s m\u00e1s keres\u0151motorok sz\u00e1m\u00e1ra. Ennek c\u00e9lja, hogy olyan technik\u00e1kat alkalmazzon, amelyek megk\u00f6nny\u00edtik a keres\u0151motorok sz\u00e1m\u00e1ra a weboldal elemz\u00e9s\u00e9t, \u00edgy jav\u00edtva a weboldal l\u00e1that\u00f3s\u00e1g\u00e1t a keres\u0151motorok tal\u00e1lati list\u00e1j\u00e1ban. \n<br>\nEz\u00e1ltal n\u00f6vekszik az es\u00e9lye annak, hogy a c\u00e9lk\u00f6z\u00f6ns\u00e9g megtal\u00e1lja a weboldalt, amikor relev\u00e1ns t\u00e9m\u00e1kra vagy kulcsszavakra keresnek.<\/h2>\t\t<\/div>\n\t\t\t\t<\/div>\n\t\t\t\t<div class=\"elementor-element elementor-element-9031059 elementor-icon-list--layout-traditional elementor-list-item-link-full_width elementor-widget elementor-widget-icon-list\" data-id=\"9031059\" data-element_type=\"widget\" data-widget_type=\"icon-list.default\">\n\t\t\t\t<div class=\"elementor-widget-container\">\n\t\t\t<link rel=\"stylesheet\" href=\"https:\/\/pixtarmedia.hu\/wp-content\/plugins\/elementor\/assets\/css\/widget-icon-list.min.css\">\t\t<ul class=\"elementor-icon-list-items\">\n\t\t\t\t\t\t\t<li class=\"elementor-icon-list-item\">\n\t\t\t\t\t\t\t\t\t\t\t<span class=\"elementor-icon-list-icon\">\n\t\t\t\t\t\t\t<i aria-hidden=\"true\" class=\"fas fa-circle\"><\/i>\t\t\t\t\t\t<\/span>\n\t\t\t\t\t\t\t\t\t\t<span class=\"elementor-icon-list-text\">On-Page SEO<\/span>\n\t\t\t\t\t\t\t\t\t<\/li>\n\t\t\t\t\t\t\t\t<li class=\"elementor-icon-list-item\">\n\t\t\t\t\t\t\t\t\t\t\t<span class=\"elementor-icon-list-icon\">\n\t\t\t\t\t\t\t<i aria-hidden=\"true\" class=\"fas fa-circle\"><\/i>\t\t\t\t\t\t<\/span>\n\t\t\t\t\t\t\t\t\t\t<span class=\"elementor-icon-list-text\">Off-Page SEO<\/span>\n\t\t\t\t\t\t\t\t\t<\/li>\n\t\t\t\t\t\t\t\t<li class=\"elementor-icon-list-item\">\n\t\t\t\t\t\t\t\t\t\t\t<span class=\"elementor-icon-list-icon\">\n\t\t\t\t\t\t\t<i aria-hidden=\"true\" class=\"fas fa-circle\"><\/i>\t\t\t\t\t\t<\/span>\n\t\t\t\t\t\t\t\t\t\t<span class=\"elementor-icon-list-text\">Technical SEO<\/span>\n\t\t\t\t\t\t\t\t\t<\/li>\n\t\t\t\t\t\t<\/ul>\n\t\t\t\t<\/div>\n\t\t\t\t<\/div>\n\t\t\t\t\t<\/div>\n\t\t<\/div>\n\t\t\t\t\t\t\t<\/div>\n\t\t<\/section>\n\t\t\t\t<section data-particle_enable=\"false\" data-particle-mobile-disabled=\"false\" class=\"elementor-section elementor-top-section elementor-element elementor-element-c76d1ef elementor-section-boxed elementor-section-height-default elementor-section-height-default\" data-id=\"c76d1ef\" data-element_type=\"section\" data-settings=\"{&quot;background_background&quot;:&quot;classic&quot;}\">\n\t\t\t\t\t\t\t<div class=\"elementor-background-overlay\"><\/div>\n\t\t\t\t\t\t\t<div class=\"elementor-container elementor-column-gap-default\">\n\t\t\t\t\t<div class=\"elementor-column elementor-col-100 elementor-top-column elementor-element elementor-element-286cb0e\" data-id=\"286cb0e\" data-element_type=\"column\">\n\t\t\t<div class=\"elementor-widget-wrap elementor-element-populated\">\n\t\t\t\t\t\t\t\t<div class=\"elementor-element elementor-element-9b2bd6e elementor-widget elementor-widget-heading\" data-id=\"9b2bd6e\" data-element_type=\"widget\" data-widget_type=\"heading.default\">\n\t\t\t\t<div class=\"elementor-widget-container\">\n\t\t\t<h2 class=\"elementor-heading-title elementor-size-default\">El\u0151nyei:<\/h2>\t\t<\/div>\n\t\t\t\t<\/div>\n\t\t\t\t<div class=\"elementor-element elementor-element-dee756a elementor-widget elementor-widget-heading\" data-id=\"dee756a\" data-element_type=\"widget\" data-widget_type=\"heading.default\">\n\t\t\t\t<div class=\"elementor-widget-container\">\n\t\t\t<h2 class=\"elementor-heading-title elementor-size-default\"><span style=\"color: #7862FB;\">N\u00f6velt l\u00e1that\u00f3s\u00e1g : <\/span> A SEO jav\u00edthatja a weboldalnak a l\u00e1that\u00f3s\u00e1g\u00e1t a keres\u0151motorok tal\u00e1lati oldalain, ez\u00e1ltal n\u00f6velve annak es\u00e9ly\u00e9t, hogy potenci\u00e1lis \u00fcgyfelek megtal\u00e1lj\u00e1k azt.<\/h2>\t\t<\/div>\n\t\t\t\t<\/div>\n\t\t\t\t<div class=\"elementor-element elementor-element-84726b5 elementor-widget elementor-widget-heading\" data-id=\"84726b5\" data-element_type=\"widget\" data-widget_type=\"heading.default\">\n\t\t\t\t<div class=\"elementor-widget-container\">\n\t\t\t<h2 class=\"elementor-heading-title elementor-size-default\"><span style=\"color: #7862FB;\">Magasabb weboldal forgalom :<\/span> A magasabb helyez\u00e9s a keres\u00e9si tal\u00e1latok k\u00f6z\u00f6tt t\u00f6bb l\u00e1togat\u00f3t vonz a weboldal\u00e1ra, ami n\u00f6velheti az interakci\u00f3t, t\u00f6bb \u00e9rdekl\u0151d\u0151t gener\u00e1lhat, \u00e9s v\u00e9g\u00fcl t\u00f6bb bev\u00e9telt eredm\u00e9nyezhet.<\/h2>\t\t<\/div>\n\t\t\t\t<\/div>\n\t\t\t\t<div class=\"elementor-element elementor-element-239405a elementor-widget elementor-widget-heading\" data-id=\"239405a\" data-element_type=\"widget\" data-widget_type=\"heading.default\">\n\t\t\t\t<div class=\"elementor-widget-container\">\n\t\t\t<h2 class=\"elementor-heading-title elementor-size-default\"><span style=\"color: #7862FB;\">Versenyel\u0151ny : <\/span>A SEO befektet\u00e9ssel versenyel\u0151nyre tehet szert azokkal a v\u00e1llalkoz\u00e1sokkal szemben, akik nem optimaliz\u00e1lj\u00e1k weboldalaikat a keres\u0151motorok sz\u00e1m\u00e1ra.<\/h2>\t\t<\/div>\n\t\t\t\t<\/div>\n\t\t\t\t<div class=\"elementor-element elementor-element-0e27a8a elementor-widget elementor-widget-heading\" data-id=\"0e27a8a\" data-element_type=\"widget\" data-widget_type=\"heading.default\">\n\t\t\t\t<div class=\"elementor-widget-container\">\n\t\t\t<h2 class=\"elementor-heading-title elementor-size-default\"><span style=\"color: #7862FB;\">Hossz\u00fa t\u00e1v\u00fa el\u0151ny\u00f6k : <\/span>A SEO hossz\u00fa t\u00e1v\u00fa strat\u00e9gia, amely tart\u00f3s el\u0151ny\u00f6ket biztos\u00edt a weboldal l\u00e1that\u00f3s\u00e1ga \u00e9s forgalma szempontj\u00e1b\u00f3l, amennyiben a legjobb gyakorlatokat k\u00f6vetik, \u00e9s sz\u00fcks\u00e9g szerint friss\u00edt\u00e9seket hajtanak v\u00e9gre.<\/h2>\t\t<\/div>\n\t\t\t\t<\/div>\n\t\t\t\t<div class=\"elementor-element elementor-element-7218cd4 elementor-widget elementor-widget-heading\" data-id=\"7218cd4\" data-element_type=\"widget\" data-widget_type=\"heading.default\">\n\t\t\t\t<div class=\"elementor-widget-container\">\n\t\t\t<h2 class=\"elementor-heading-title elementor-size-default\"><span style=\"color: #7862FB;\">N\u00f6velt m\u00e1rka-hiteless\u00e9g :<\/span> A magasabb helyez\u00e9s a keres\u00e9si tal\u00e1latok k\u00f6z\u00f6tt lehet\u0151v\u00e9 teszi, hogy weboldala hiteles \u00e9s tekint\u00e9lyes forr\u00e1sk\u00e9nt jelenjen meg az ipar\u00e1gi szerepl\u0151k szem\u00e9ben, ami n\u00f6veli a potenci\u00e1lis \u00fcgyfelek bizalm\u00e1t \u00e9s hiteless\u00e9g\u00e9t.<\/h2>\t\t<\/div>\n\t\t\t\t<\/div>\n\t\t\t\t<section data-particle_enable=\"false\" data-particle-mobile-disabled=\"false\" class=\"elementor-section elementor-inner-section elementor-element elementor-element-77d5fc4 elementor-section-full_width elementor-section-height-default elementor-section-height-default\" data-id=\"77d5fc4\" data-element_type=\"section\">\n\t\t\t\t\t\t<div class=\"elementor-container elementor-column-gap-default\">\n\t\t\t\t\t<div class=\"elementor-column elementor-col-100 elementor-inner-column elementor-element elementor-element-3a29727\" data-id=\"3a29727\" data-element_type=\"column\">\n\t\t\t<div class=\"elementor-widget-wrap elementor-element-populated\">\n\t\t\t\t\t\t\t\t<section data-particle_enable=\"false\" data-particle-mobile-disabled=\"false\" class=\"elementor-section elementor-inner-section elementor-element elementor-element-4300d92 elementor-section-full_width elementor-section-height-default elementor-section-height-default\" data-id=\"4300d92\" data-element_type=\"section\">\n\t\t\t\t\t\t<div class=\"elementor-container elementor-column-gap-default\">\n\t\t\t\t\t<div class=\"elementor-column elementor-col-25 elementor-inner-column elementor-element elementor-element-d941732\" data-id=\"d941732\" data-element_type=\"column\">\n\t\t\t<div class=\"elementor-widget-wrap elementor-element-populated\">\n\t\t\t\t\t\t\t\t<div class=\"elementor-element elementor-element-2f2beed elementor-view-default elementor-widget elementor-widget-icon\" data-id=\"2f2beed\" data-element_type=\"widget\" data-widget_type=\"icon.default\">\n\t\t\t\t<div class=\"elementor-widget-container\">\n\t\t\t\t\t<div class=\"elementor-icon-wrapper\">\n\t\t\t<a class=\"elementor-icon\" href=\"https:\/\/pixtarmedia.hu\/hu\/\">\n\t\t\t<svg xmlns=\"http:\/\/www.w3.org\/2000\/svg\" xmlns:xlink=\"http:\/\/www.w3.org\/1999\/xlink\" id=\"Layer_1\" x=\"0px\" y=\"0px\" viewbox=\"0 0 1000 1000\" style=\"enable-background:new 0 0 1000 1000;\" xml:space=\"preserve\"><style type=\"text\/css\">\t.st0{fill:#FFFFFF;}<\/style><rect width=\"1000\" height=\"1000\"><\/rect><g>\t<g>\t\t<path class=\"st0\" d=\"M424.61,194.71c-30.95-28.04-72.17-42.07-123.7-42.07H159.32v53.8h139.73c35.04,0,63.81,9.6,86.27,28.76   c22.47,19.19,33.72,43.82,33.72,73.92c0,28.06-10.41,52.05-31.24,72.04c-20.83,20.01-45.66,30.02-74.54,30.02   c-30.08,0-55.12-10.62-75.13-31.86c-20.01-21.24-29.99-47.52-29.99-78.86c0-2.09,0.05-4.14,0.09-6.12v-0.16l0.8-51.23h-49.41   l-1.5,48.37l-0.64,20.6c0,0.8,0.05,1.61,0.09,2.41c1.55,42.36,16.26,77.83,44.07,106.44c29.47,30.31,66.28,45.45,110.4,45.45   c44.55,0,82.16-15.37,112.9-46.09c30.7-30.7,46.07-68.53,46.07-113.49C471,260.06,455.52,222.75,424.61,194.71z\"><\/path>\t\t<rect x=\"70.08\" y=\"152.65\" class=\"st0\" width=\"53.8\" height=\"53.8\"><\/rect>\t<\/g>\t<g>\t\t<path class=\"st0\" d=\"M841.21,291.33l-1.5-48.37h-49.39l0.77,51.23v0.16c0.07,1.98,0.11,4.02,0.11,6.12   c0,31.33-9.98,57.62-29.99,78.86c-20.01,21.24-45.07,31.86-75.15,31.86c-28.88,0-53.71-10-74.54-30.02   c-20.81-19.99-31.22-43.98-31.22-72.04c0-30.11,11.23-54.73,33.7-73.92c22.47-19.17,51.25-28.76,86.27-28.76h139.73v-53.8H698.43   c-51.53,0-92.77,14.03-123.7,42.07c-30.92,28.04-46.41,65.35-46.41,111.94c0,44.95,15.39,82.79,46.09,113.49   c30.74,30.72,68.35,46.09,112.9,46.09c44.09,0,80.9-15.14,110.37-45.45c27.81-28.61,42.52-64.08,44.09-106.44   c0.02-0.8,0.07-1.61,0.07-2.41L841.21,291.33z\"><\/path>\t\t<rect x=\"875.46\" y=\"152.65\" class=\"st0\" width=\"53.8\" height=\"53.8\"><\/rect>\t<\/g>\t<g>\t\t<path class=\"st0\" d=\"M791.75,705.81l-0.77,51.23h49.41l1.48-48.37l0.64-20.6c0-0.8-0.05-1.61-0.07-2.41   c-1.57-42.36-16.28-77.83-44.07-106.44c-29.49-30.31-66.28-45.45-110.4-45.45c-44.55,0-82.16,15.37-112.9,46.09   c-30.7,30.7-46.09,68.53-46.09,113.49c0,46.59,15.48,83.91,46.41,111.94c30.92,28.04,72.17,42.07,123.7,42.07h141.59v-53.8H700.94   c-35.02,0-63.78-9.6-86.27-28.76c-22.47-19.19-33.7-43.82-33.7-73.92c0-28.06,10.41-52.05,31.22-72.04   c20.85-20.01,45.68-30.02,74.54-30.02c30.08,0,55.14,10.62,75.15,31.86c20.01,21.24,29.99,47.52,29.99,78.86   c0,2.09-0.05,4.14-0.11,6.12V705.81z\"><\/path>\t\t<rect x=\"876.12\" y=\"793.55\" class=\"st0\" width=\"53.8\" height=\"53.8\"><\/rect>\t<\/g>\t<g>\t\t<path class=\"st0\" d=\"M425.59,579.86c-30.74-30.72-68.35-46.09-112.9-46.09c-44.11,0-80.9,15.14-110.4,45.45   c-27.81,28.61-42.52,64.08-44.07,106.44c-0.05,0.8-0.07,1.61-0.07,2.41l0.61,20.6l1.5,48.37h49.41l-0.8-51.23v-0.16   c-0.05-1.98-0.09-4.02-0.09-6.12c0-31.33,9.98-57.62,29.99-78.86c20.01-21.24,45.05-31.86,75.15-31.86   c28.86,0,53.69,10.01,74.51,30.02c20.83,19.99,31.24,43.98,31.24,72.04c0,30.11-11.26,54.73-33.72,73.92   c-22.47,19.17-51.23,28.76-86.27,28.76H159.98v53.8h141.59c51.53,0,92.75-14.03,123.7-42.07c30.92-28.04,46.39-65.35,46.39-111.94   C471.66,648.39,456.29,610.56,425.59,579.86z\"><\/path>\t\t<rect x=\"70.74\" y=\"793.55\" class=\"st0\" width=\"53.8\" height=\"53.8\"><\/rect>\t<\/g><\/g><\/svg>\t\t\t<\/a>\n\t\t<\/div>\n\t\t\t\t<\/div>\n\t\t\t\t<\/div>\n\t\t\t\t\t<\/div>\n\t\t<\/div>\n\t\t\t\t<div class=\"elementor-column elementor-col-25 elementor-inner-column elementor-element elementor-element-c56fb81 elementor-hidden-mobile\" data-id=\"c56fb81\" data-element_type=\"column\">\n\t\t\t<div class=\"elementor-widget-wrap elementor-element-populated\">\n\t\t\t\t\t\t\t\t<div class=\"elementor-element elementor-element-7333227 elementor-icon-list--layout-traditional elementor-list-item-link-full_width elementor-widget elementor-widget-icon-list\" data-id=\"7333227\" data-element_type=\"widget\" data-widget_type=\"icon-list.default\">\n\t\t\t\t<div class=\"elementor-widget-container\">\n\t\t\t\t\t<ul class=\"elementor-icon-list-items\">\n\t\t\t\t\t\t\t<li class=\"elementor-icon-list-item\">\n\t\t\t\t\t\t\t\t\t\t\t<a href=\"https:\/\/instagram.com\/pixtarmedia?igshid=MzRlODBiNWFlZA==\">\n\n\t\t\t\t\t\t\t\t\t\t\t<span class=\"elementor-icon-list-text\">INSTAGRAM<\/span>\n\t\t\t\t\t\t\t\t\t\t\t<\/a>\n\t\t\t\t\t\t\t\t\t<\/li>\n\t\t\t\t\t\t\t\t<li class=\"elementor-icon-list-item\">\n\t\t\t\t\t\t\t\t\t\t\t<a href=\"https:\/\/wa.me\/36704014488\">\n\n\t\t\t\t\t\t\t\t\t\t\t<span class=\"elementor-icon-list-text\">WHATSAPP<\/span>\n\t\t\t\t\t\t\t\t\t\t\t<\/a>\n\t\t\t\t\t\t\t\t\t<\/li>\n\t\t\t\t\t\t\t\t<li class=\"elementor-icon-list-item\">\n\t\t\t\t\t\t\t\t\t\t\t<a href=\"https:\/\/www.linkedin.com\/company\/pixtarmedia\/\">\n\n\t\t\t\t\t\t\t\t\t\t\t<span class=\"elementor-icon-list-text\">LINKEDIN<\/span>\n\t\t\t\t\t\t\t\t\t\t\t<\/a>\n\t\t\t\t\t\t\t\t\t<\/li>\n\t\t\t\t\t\t\t\t<li class=\"elementor-icon-list-item\">\n\t\t\t\t\t\t\t\t\t\t\t<a href=\"https:\/\/www.facebook.com\/profile.php?id=100083330171597\">\n\n\t\t\t\t\t\t\t\t\t\t\t<span class=\"elementor-icon-list-text\">FACEBOOK<\/span>\n\t\t\t\t\t\t\t\t\t\t\t<\/a>\n\t\t\t\t\t\t\t\t\t<\/li>\n\t\t\t\t\t\t<\/ul>\n\t\t\t\t<\/div>\n\t\t\t\t<\/div>\n\t\t\t\t\t<\/div>\n\t\t<\/div>\n\t\t\t\t<div class=\"elementor-column elementor-col-25 elementor-inner-column elementor-element elementor-element-cfdc194\" data-id=\"cfdc194\" data-element_type=\"column\">\n\t\t\t<div class=\"elementor-widget-wrap elementor-element-populated\">\n\t\t\t\t\t\t\t\t<div class=\"elementor-element elementor-element-7ced803 elementor-icon-list--layout-traditional elementor-list-item-link-full_width elementor-widget elementor-widget-icon-list\" data-id=\"7ced803\" data-element_type=\"widget\" data-widget_type=\"icon-list.default\">\n\t\t\t\t<div class=\"elementor-widget-container\">\n\t\t\t\t\t<ul class=\"elementor-icon-list-items\">\n\t\t\t\t\t\t\t<li class=\"elementor-icon-list-item\">\n\t\t\t\t\t\t\t\t\t\t\t<a href=\"#\">\n\n\t\t\t\t\t\t\t\t\t\t\t<span class=\"elementor-icon-list-text\">r\u00f3lunk<\/span>\n\t\t\t\t\t\t\t\t\t\t\t<\/a>\n\t\t\t\t\t\t\t\t\t<\/li>\n\t\t\t\t\t\t\t\t<li class=\"elementor-icon-list-item\">\n\t\t\t\t\t\t\t\t\t\t\t<a href=\"https:\/\/pixtarmedia.hu\/hu\/contact\/\">\n\n\t\t\t\t\t\t\t\t\t\t\t<span class=\"elementor-icon-list-text\">kapcsolat<\/span>\n\t\t\t\t\t\t\t\t\t\t\t<\/a>\n\t\t\t\t\t\t\t\t\t<\/li>\n\t\t\t\t\t\t\t\t<li class=\"elementor-icon-list-item\">\n\t\t\t\t\t\t\t\t\t\t\t<a href=\"https:\/\/pixtarmedia.hu\/hu\/privacy-policy\/\">\n\n\t\t\t\t\t\t\t\t\t\t\t<span class=\"elementor-icon-list-text\">adatv\u00e9delmi t\u00e1j\u00e9koztat\u00f3<\/span>\n\t\t\t\t\t\t\t\t\t\t\t<\/a>\n\t\t\t\t\t\t\t\t\t<\/li>\n\t\t\t\t\t\t<\/ul>\n\t\t\t\t<\/div>\n\t\t\t\t<\/div>\n\t\t\t\t\t<\/div>\n\t\t<\/div>\n\t\t\t\t<div class=\"elementor-column elementor-col-25 elementor-inner-column elementor-element elementor-element-e107f0a\" data-id=\"e107f0a\" data-element_type=\"column\">\n\t\t\t<div class=\"elementor-widget-wrap elementor-element-populated\">\n\t\t\t\t\t\t\t\t<div class=\"elementor-element elementor-element-550ec99 elementor-widget elementor-widget-heading\" data-id=\"550ec99\" data-element_type=\"widget\" data-widget_type=\"heading.default\">\n\t\t\t\t<div class=\"elementor-widget-container\">\n\t\t\t<h2 class=\"elementor-heading-title elementor-size-default\">kapcsolat<\/h2>\t\t<\/div>\n\t\t\t\t<\/div>\n\t\t\t\t<div class=\"elementor-element elementor-element-f873749 elementor-icon-list--layout-traditional elementor-list-item-link-full_width elementor-widget elementor-widget-icon-list\" data-id=\"f873749\" data-element_type=\"widget\" data-widget_type=\"icon-list.default\">\n\t\t\t\t<div class=\"elementor-widget-container\">\n\t\t\t\t\t<ul class=\"elementor-icon-list-items\">\n\t\t\t\t\t\t\t<li class=\"elementor-icon-list-item\">\n\t\t\t\t\t\t\t\t\t\t\t<a href=\"mailto: info@pixtarmedia.hu\">\n\n\t\t\t\t\t\t\t\t\t\t\t<span class=\"elementor-icon-list-text\">info@pixtarmedia.hu<\/span>\n\t\t\t\t\t\t\t\t\t\t\t<\/a>\n\t\t\t\t\t\t\t\t\t<\/li>\n\t\t\t\t\t\t\t\t<li class=\"elementor-icon-list-item\">\n\t\t\t\t\t\t\t\t\t\t\t<a href=\"tel:  36 70 401 4488\">\n\n\t\t\t\t\t\t\t\t\t\t\t<span class=\"elementor-icon-list-text\"> +36 70 401 4488<\/span>\n\t\t\t\t\t\t\t\t\t\t\t<\/a>\n\t\t\t\t\t\t\t\t\t<\/li>\n\t\t\t\t\t\t<\/ul>\n\t\t\t\t<\/div>\n\t\t\t\t<\/div>\n\t\t\t\t\t<\/div>\n\t\t<\/div>\n\t\t\t\t\t\t\t<\/div>\n\t\t<\/section>\n\t\t\t\t\t<\/div>\n\t\t<\/div>\n\t\t\t\t\t\t\t<\/div>\n\t\t<\/section>\n\t\t\t\t\t<\/div>\n\t\t<\/div>\n\t\t\t\t\t\t\t<\/div>\n\t\t<\/section>\n\t\t\t\t<section data-particle_enable=\"false\" data-particle-mobile-disabled=\"false\" class=\"elementor-section elementor-top-section elementor-element elementor-element-0a34d1b elementor-section-boxed elementor-section-height-default elementor-section-height-default\" data-id=\"0a34d1b\" data-element_type=\"section\" data-settings=\"{&quot;background_background&quot;:&quot;classic&quot;}\">\n\t\t\t\t\t\t<div class=\"elementor-container elementor-column-gap-default\">\n\t\t\t\t\t<div class=\"elementor-column elementor-col-100 elementor-top-column elementor-element elementor-element-63b8bff\" data-id=\"63b8bff\" data-element_type=\"column\">\n\t\t\t<div class=\"elementor-widget-wrap elementor-element-populated\">\n\t\t\t\t\t\t\t\t<section data-particle_enable=\"false\" data-particle-mobile-disabled=\"false\" class=\"elementor-section elementor-inner-section elementor-element elementor-element-d2d6b91 elementor-hidden-desktop elementor-hidden-tablet elementor-section-boxed elementor-section-height-default elementor-section-height-default\" data-id=\"d2d6b91\" data-element_type=\"section\">\n\t\t\t\t\t\t<div class=\"elementor-container elementor-column-gap-default\">\n\t\t\t\t\t<div class=\"elementor-column elementor-col-50 elementor-inner-column elementor-element elementor-element-63bc211\" data-id=\"63bc211\" data-element_type=\"column\">\n\t\t\t<div class=\"elementor-widget-wrap elementor-element-populated\">\n\t\t\t\t\t\t\t\t<div class=\"elementor-element elementor-element-766c298 elementor-hidden-desktop elementor-hidden-tablet elementor-icon-list--layout-traditional elementor-list-item-link-full_width elementor-widget elementor-widget-icon-list\" data-id=\"766c298\" data-element_type=\"widget\" data-widget_type=\"icon-list.default\">\n\t\t\t\t<div class=\"elementor-widget-container\">\n\t\t\t\t\t<ul class=\"elementor-icon-list-items\">\n\t\t\t\t\t\t\t<li class=\"elementor-icon-list-item\">\n\t\t\t\t\t\t\t\t\t\t\t<a href=\"https:\/\/instagram.com\/pixtarmedia?igshid=MzRlODBiNWFlZA==\">\n\n\t\t\t\t\t\t\t\t\t\t\t<span class=\"elementor-icon-list-text\">INSTAGRAM<\/span>\n\t\t\t\t\t\t\t\t\t\t\t<\/a>\n\t\t\t\t\t\t\t\t\t<\/li>\n\t\t\t\t\t\t\t\t<li class=\"elementor-icon-list-item\">\n\t\t\t\t\t\t\t\t\t\t\t<a href=\"https:\/\/wa.me\/36704014488\">\n\n\t\t\t\t\t\t\t\t\t\t\t<span class=\"elementor-icon-list-text\">WHATSAPP<\/span>\n\t\t\t\t\t\t\t\t\t\t\t<\/a>\n\t\t\t\t\t\t\t\t\t<\/li>\n\t\t\t\t\t\t<\/ul>\n\t\t\t\t<\/div>\n\t\t\t\t<\/div>\n\t\t\t\t\t<\/div>\n\t\t<\/div>\n\t\t\t\t<div class=\"elementor-column elementor-col-50 elementor-inner-column elementor-element elementor-element-fe7345d\" data-id=\"fe7345d\" data-element_type=\"column\">\n\t\t\t<div class=\"elementor-widget-wrap elementor-element-populated\">\n\t\t\t\t\t\t\t\t<div class=\"elementor-element elementor-element-821df41 elementor-hidden-desktop elementor-hidden-tablet elementor-icon-list--layout-traditional elementor-list-item-link-full_width elementor-widget elementor-widget-icon-list\" data-id=\"821df41\" data-element_type=\"widget\" data-widget_type=\"icon-list.default\">\n\t\t\t\t<div class=\"elementor-widget-container\">\n\t\t\t\t\t<ul class=\"elementor-icon-list-items\">\n\t\t\t\t\t\t\t<li class=\"elementor-icon-list-item\">\n\t\t\t\t\t\t\t\t\t\t\t<a href=\"https:\/\/www.linkedin.com\/company\/pixtarmedia\/\">\n\n\t\t\t\t\t\t\t\t\t\t\t<span class=\"elementor-icon-list-text\">LINKEDIN<\/span>\n\t\t\t\t\t\t\t\t\t\t\t<\/a>\n\t\t\t\t\t\t\t\t\t<\/li>\n\t\t\t\t\t\t\t\t<li class=\"elementor-icon-list-item\">\n\t\t\t\t\t\t\t\t\t\t\t<a href=\"https:\/\/www.facebook.com\/profile.php?id=100083330171597\">\n\n\t\t\t\t\t\t\t\t\t\t\t<span class=\"elementor-icon-list-text\">FACEBOOK<\/span>\n\t\t\t\t\t\t\t\t\t\t\t<\/a>\n\t\t\t\t\t\t\t\t\t<\/li>\n\t\t\t\t\t\t<\/ul>\n\t\t\t\t<\/div>\n\t\t\t\t<\/div>\n\t\t\t\t\t<\/div>\n\t\t<\/div>\n\t\t\t\t\t\t\t<\/div>\n\t\t<\/section>\n\t\t\t\t\t<\/div>\n\t\t<\/div>\n\t\t\t\t\t\t\t<\/div>\n\t\t<\/section>\n\t\t\t\t\t\t\t<\/div>","protected":false},"excerpt":{"rendered":"<p>Search Engine Optimization Request a quote SEO is a digital marketing strategy that involves optimizing web pages for search engines such as Google. It involves implementing techniques that make it easier for search engines to analyze your website, thus improving your website&#8217;s visibility in search engine results. This increased visibility increases the chances of your [&hellip;]<\/p>","protected":false},"author":1,"featured_media":0,"parent":23,"menu_order":0,"comment_status":"closed","ping_status":"closed","template":"elementor_header_footer","meta":[],"_links":{"self":[{"href":"https:\/\/pixtarmedia.hu\/hu\/wp-json\/wp\/v2\/pages\/291"}],"collection":[{"href":"https:\/\/pixtarmedia.hu\/hu\/wp-json\/wp\/v2\/pages"}],"about":[{"href":"https:\/\/pixtarmedia.hu\/hu\/wp-json\/wp\/v2\/types\/page"}],"author":[{"embeddable":true,"href":"https:\/\/pixtarmedia.hu\/hu\/wp-json\/wp\/v2\/users\/1"}],"replies":[{"embeddable":true,"href":"https:\/\/pixtarmedia.hu\/hu\/wp-json\/wp\/v2\/comments?post=291"}],"version-history":[{"count":6,"href":"https:\/\/pixtarmedia.hu\/hu\/wp-json\/wp\/v2\/pages\/291\/revisions"}],"predecessor-version":[{"id":1701,"href":"https:\/\/pixtarmedia.hu\/hu\/wp-json\/wp\/v2\/pages\/291\/revisions\/1701"}],"up":[{"embeddable":true,"href":"https:\/\/pixtarmedia.hu\/hu\/wp-json\/wp\/v2\/pages\/23"}],"wp:attachment":[{"href":"https:\/\/pixtarmedia.hu\/hu\/wp-json\/wp\/v2\/media?parent=291"}],"curies":[{"name":"wp","href":"https:\/\/api.w.org\/{rel}","templated":true}]}}