{"id":283,"date":"2023-05-19T20:06:31","date_gmt":"2023-05-19T18:06:31","guid":{"rendered":"https:\/\/pixtarmedia.hu\/?page_id=283"},"modified":"2023-07-18T10:52:37","modified_gmt":"2023-07-18T08:52:37","slug":"out-of-home-advertising","status":"publish","type":"page","link":"https:\/\/pixtarmedia.hu\/hu\/services\/out-of-home-advertising\/","title":{"rendered":"K\u00f6zter\u00fcleti hirdet\u00e9s"},"content":{"rendered":"<div data-elementor-type=\"wp-page\" data-elementor-id=\"283\" class=\"elementor elementor-283\">\n\t\t\t\t\t\t\t\t\t<section data-particle_enable=\"false\" data-particle-mobile-disabled=\"false\" class=\"elementor-section elementor-top-section elementor-element elementor-element-0b34a23 elementor-section-boxed elementor-section-height-default elementor-section-height-default\" data-id=\"0b34a23\" data-element_type=\"section\" data-settings=\"{&quot;background_background&quot;:&quot;classic&quot;}\">\n\t\t\t\t\t\t\t<div class=\"elementor-background-overlay\"><\/div>\n\t\t\t\t\t\t\t<div class=\"elementor-container elementor-column-gap-default\">\n\t\t\t\t\t<div class=\"elementor-column elementor-col-100 elementor-top-column elementor-element elementor-element-4c350f5\" data-id=\"4c350f5\" data-element_type=\"column\">\n\t\t\t<div class=\"elementor-widget-wrap elementor-element-populated\">\n\t\t\t\t\t\t\t\t<div class=\"elementor-element elementor-element-7eda947 elementor-widget elementor-widget-heading\" data-id=\"7eda947\" data-element_type=\"widget\" data-widget_type=\"heading.default\">\n\t\t\t\t<div class=\"elementor-widget-container\">\n\t\t\t<style>\/*! elementor - v3.13.3 - 28-05-2023 *\/\n.elementor-heading-title{padding:0;margin:0;line-height:1}.elementor-widget-heading .elementor-heading-title[class*=elementor-size-]>a{color:inherit;font-size:inherit;line-height:inherit}.elementor-widget-heading .elementor-heading-title.elementor-size-small{font-size:15px}.elementor-widget-heading .elementor-heading-title.elementor-size-medium{font-size:19px}.elementor-widget-heading .elementor-heading-title.elementor-size-large{font-size:29px}.elementor-widget-heading .elementor-heading-title.elementor-size-xl{font-size:39px}.elementor-widget-heading .elementor-heading-title.elementor-size-xxl{font-size:59px}<\/style><h2 class=\"elementor-heading-title elementor-size-default\">K\u00f6zter\u00fcleti hirdet\u00e9s<\/h2>\t\t<\/div>\n\t\t\t\t<\/div>\n\t\t\t\t<div class=\"elementor-element elementor-element-e55314a elementor-widget elementor-widget-button\" data-id=\"e55314a\" data-element_type=\"widget\" data-widget_type=\"button.default\">\n\t\t\t\t<div class=\"elementor-widget-container\">\n\t\t\t\t\t<div class=\"elementor-button-wrapper\">\n\t\t\t<a href=\"https:\/\/pixtarmedia.hu\/hu\/contact\/\" class=\"elementor-button-link elementor-button elementor-size-sm\" role=\"button\">\n\t\t\t\t\t\t<span class=\"elementor-button-content-wrapper\">\n\t\t\t\t\t\t<span class=\"elementor-button-text\">K\u00e9rj aj\u00e1nlatot<\/span>\n\t\t<\/span>\n\t\t\t\t\t<\/a>\n\t\t<\/div>\n\t\t\t\t<\/div>\n\t\t\t\t<\/div>\n\t\t\t\t<div class=\"elementor-element elementor-element-342c0a0 elementor-widget elementor-widget-heading\" data-id=\"342c0a0\" data-element_type=\"widget\" data-widget_type=\"heading.default\">\n\t\t\t\t<div class=\"elementor-widget-container\">\n\t\t\t<h2 class=\"elementor-heading-title elementor-size-default\">Az \"out-of-home\" rekl\u00e1moz\u00e1s (OOH) olyan vizu\u00e1lis rekl\u00e1moz\u00e1si forma, amelyet nyilv\u00e1nos helyeken jelen\u00edtenek meg, p\u00e9ld\u00e1ul \u00f3ri\u00e1splak\u00e1tokon, buszmeg\u00e1ll\u00f3kban \u00e9s digit\u00e1lis k\u00e9perny\u0151k\u00f6n. Annak ellen\u00e9re, hogy az online marketing t\u00e9rnyer\u00e9se, az OOH tov\u00e1bbra is er\u0151s \u00e9s hat\u00e9kony m\u00f3dja annak, hogy el\u00e9rj\u00fcnk egy nagy \u00e9s soksz\u00edn\u0171 k\u00f6z\u00f6ns\u00e9get. Az OOH rekl\u00e1moz\u00e1s sz\u00e1mos egyedi el\u0151nyt k\u00edn\u00e1l. Egyr\u00e9szt nem hagyhat\u00f3 figyelmen k\u00edv\u00fcl vagy ugorhat\u00f3 \u00e1t, mint az online hirdet\u00e9sek, mivel jelen van a fizikai vil\u00e1gban k\u00f6r\u00fcl\u00f6tt\u00fcnk. Emellett lehet\u0151s\u00e9get ny\u00fajt a hirdet\u0151knek arra, hogy vizu\u00e1lisan leny\u0171g\u00f6z\u0151 \u00e9s eml\u00e9kezetes kamp\u00e1nyokat hozzanak l\u00e9tre, amelyek megragadhatj\u00e1k az arra j\u00e1r\u00f3k figyelm\u00e9t.\n<br>\nA k\u00f6zter\u00fcleti rekl\u00e1moz\u00e1s tov\u00e1bb\u00e1 c\u00e9lzott lehet konkr\u00e9t helysz\u00ednekre \u00e9s demogr\u00e1fiai csoportokra, ami rendk\u00edv\u00fcl hat\u00e9kony m\u00f3dja annak, hogy el\u00e9rj\u00fcnk egy k\u00edv\u00e1nt k\u00f6z\u00f6ns\u00e9get. Ez lehet\u0151v\u00e9 teszi, hogy kiv\u00e1l\u00f3an kieg\u00e9sz\u00edtsen m\u00e1s marketingcsatorn\u00e1kat, p\u00e9ld\u00e1ul a k\u00f6z\u00f6ss\u00e9gi m\u00e9di\u00e1t \u00e9s az e-mail marketinget.\n<br>\n\u00dcgyn\u00f6ks\u00e9g\u00fcnk seg\u00edthet kihaszn\u00e1lni az OOH rekl\u00e1moz\u00e1s el\u0151nyeit az\u00e1ltal, hogy izgalmas \u00e9s hat\u00e1sos kamp\u00e1nyokat hozunk l\u00e9tre. Egy\u00fcttm\u0171k\u00f6d\u00fcnk \u00d6nnel a legjobb helysz\u00ednek azonos\u00edt\u00e1s\u00e1ban, szemet gy\u00f6ny\u00f6rk\u00f6dtet\u0151 l\u00e1tv\u00e1nyelemek tervez\u00e9s\u00e9ben \u00e9s olyan strat\u00e9gia kidolgoz\u00e1s\u00e1ban, amely \u00f6sszhangban van \u00fczleti c\u00e9ljaival.<\/h2>\t\t<\/div>\n\t\t\t\t<\/div>\n\t\t\t\t<div class=\"elementor-element elementor-element-9031059 elementor-icon-list--layout-traditional elementor-list-item-link-full_width elementor-widget elementor-widget-icon-list\" data-id=\"9031059\" data-element_type=\"widget\" data-widget_type=\"icon-list.default\">\n\t\t\t\t<div class=\"elementor-widget-container\">\n\t\t\t<link rel=\"stylesheet\" href=\"https:\/\/pixtarmedia.hu\/wp-content\/plugins\/elementor\/assets\/css\/widget-icon-list.min.css\">\t\t<ul class=\"elementor-icon-list-items\">\n\t\t\t\t\t\t\t<li class=\"elementor-icon-list-item\">\n\t\t\t\t\t\t\t\t\t\t\t<span class=\"elementor-icon-list-icon\">\n\t\t\t\t\t\t\t<i aria-hidden=\"true\" class=\"fas fa-circle\"><\/i>\t\t\t\t\t\t<\/span>\n\t\t\t\t\t\t\t\t\t\t<span class=\"elementor-icon-list-text\">Citylight<\/span>\n\t\t\t\t\t\t\t\t\t<\/li>\n\t\t\t\t\t\t\t\t<li class=\"elementor-icon-list-item\">\n\t\t\t\t\t\t\t\t\t\t\t<span class=\"elementor-icon-list-icon\">\n\t\t\t\t\t\t\t<i aria-hidden=\"true\" class=\"fas fa-circle\"><\/i>\t\t\t\t\t\t<\/span>\n\t\t\t\t\t\t\t\t\t\t<span class=\"elementor-icon-list-text\">\u00d3ri\u00e1splak\u00e1t<\/span>\n\t\t\t\t\t\t\t\t\t<\/li>\n\t\t\t\t\t\t\t\t<li class=\"elementor-icon-list-item\">\n\t\t\t\t\t\t\t\t\t\t\t<span class=\"elementor-icon-list-icon\">\n\t\t\t\t\t\t\t<i aria-hidden=\"true\" class=\"fas fa-circle\"><\/i>\t\t\t\t\t\t<\/span>\n\t\t\t\t\t\t\t\t\t\t<span class=\"elementor-icon-list-text\">Metr\u00f3\u00a0rekl\u00e1m<\/span>\n\t\t\t\t\t\t\t\t\t<\/li>\n\t\t\t\t\t\t<\/ul>\n\t\t\t\t<\/div>\n\t\t\t\t<\/div>\n\t\t\t\t\t<\/div>\n\t\t<\/div>\n\t\t\t\t\t\t\t<\/div>\n\t\t<\/section>\n\t\t\t\t<section data-particle_enable=\"false\" data-particle-mobile-disabled=\"false\" class=\"elementor-section elementor-top-section elementor-element elementor-element-c76d1ef elementor-section-boxed elementor-section-height-default elementor-section-height-default\" data-id=\"c76d1ef\" data-element_type=\"section\" data-settings=\"{&quot;background_background&quot;:&quot;classic&quot;}\">\n\t\t\t\t\t\t\t<div class=\"elementor-background-overlay\"><\/div>\n\t\t\t\t\t\t\t<div class=\"elementor-container elementor-column-gap-default\">\n\t\t\t\t\t<div class=\"elementor-column elementor-col-100 elementor-top-column elementor-element elementor-element-286cb0e\" data-id=\"286cb0e\" data-element_type=\"column\">\n\t\t\t<div class=\"elementor-widget-wrap elementor-element-populated\">\n\t\t\t\t\t\t\t\t<div class=\"elementor-element elementor-element-9b2bd6e elementor-widget elementor-widget-heading\" data-id=\"9b2bd6e\" data-element_type=\"widget\" data-widget_type=\"heading.default\">\n\t\t\t\t<div class=\"elementor-widget-container\">\n\t\t\t<h2 class=\"elementor-heading-title elementor-size-default\">Mi\u00e9rt\u00a0fontos?<\/h2>\t\t<\/div>\n\t\t\t\t<\/div>\n\t\t\t\t<div class=\"elementor-element elementor-element-dee756a elementor-widget elementor-widget-heading\" data-id=\"dee756a\" data-element_type=\"widget\" data-widget_type=\"heading.default\">\n\t\t\t\t<div class=\"elementor-widget-container\">\n\t\t\t<h2 class=\"elementor-heading-title elementor-size-default\"><span style=\"color: #7862FB;\">Wide reach : <\/span> Egy nagy \u00e9s v\u00e1ltozatos k\u00f6z\u00f6ns\u00e9get \u00e9rhet el, mivel jelen van nyilv\u00e1nos helyeken, mint az utc\u00e1k, t\u00f6megk\u00f6zleked\u00e9si eszk\u00f6z\u00f6k \u00e9s bev\u00e1s\u00e1rl\u00f3k\u00f6zpontok, ahol k\u00fcl\u00f6nb\u00f6z\u0151 h\u00e1tt\u00e9rrel \u00e9s \u00e9rdekl\u0151d\u00e9ssel rendelkez\u0151 emberek gy\u0171lnek \u00f6ssze.<\/h2>\t\t<\/div>\n\t\t\t\t<\/div>\n\t\t\t\t<div class=\"elementor-element elementor-element-84726b5 elementor-widget elementor-widget-heading\" data-id=\"84726b5\" data-element_type=\"widget\" data-widget_type=\"heading.default\">\n\t\t\t\t<div class=\"elementor-widget-container\">\n\t\t\t<h2 class=\"elementor-heading-title elementor-size-default\"><span style=\"color: #7862FB;\">Magas l\u00e1that\u00f3s\u00e1g :<\/span> Az OOH hirdet\u00e9sek rendk\u00edv\u00fcl j\u00f3l l\u00e1that\u00f3ak \u00e9s felkeltik a j\u00e1r\u00f3kel\u0151k figyelm\u00e9t. Kreat\u00edv \u00e9s szemet gy\u00f6ny\u00f6rk\u00f6dtet\u0151 tervez\u00e9ssel az OOH hirdet\u00e9sek tart\u00f3s benyom\u00e1st kelthetnek az emberekben.<\/h2>\t\t<\/div>\n\t\t\t\t<\/div>\n\t\t\t\t<div class=\"elementor-element elementor-element-239405a elementor-widget elementor-widget-heading\" data-id=\"239405a\" data-element_type=\"widget\" data-widget_type=\"heading.default\">\n\t\t\t\t<div class=\"elementor-widget-container\">\n\t\t\t<h2 class=\"elementor-heading-title elementor-size-default\"><span style=\"color: #7862FB;\">Hosszan tart\u00f3 kitetts\u00e9g :<\/span> A n\u00e9z\u0151k sz\u00e1m\u00e1ra hosszan tart\u00f3 kitetts\u00e9get biztos\u00edt, hiszen gyakran t\u00f6bb h\u00e9tig vagy ak\u00e1r h\u00f3napokig is megjelenik. Ez a hosszabb ideig tart\u00f3 kitetts\u00e9g seg\u00edt a m\u00e1rkaismerts\u00e9g \u00e9s felismerhet\u0151s\u00e9g \u00e9p\u00edt\u00e9s\u00e9ben.<\/h2>\t\t<\/div>\n\t\t\t\t<\/div>\n\t\t\t\t<div class=\"elementor-element elementor-element-0e27a8a elementor-widget elementor-widget-heading\" data-id=\"0e27a8a\" data-element_type=\"widget\" data-widget_type=\"heading.default\">\n\t\t\t\t<div class=\"elementor-widget-container\">\n\t\t\t<h2 class=\"elementor-heading-title elementor-size-default\"><span style=\"color: #7862FB;\">C\u00e9lzott marketing :<\/span> Nagyon hat\u00e9konyan c\u00e9lozhat\u00f3k meg konkr\u00e9t helysz\u00ednek \u00e9s demogr\u00e1fiai csoportok, lehet\u0151v\u00e9 t\u00e9ve a hirdet\u0151k sz\u00e1m\u00e1ra, hogy hat\u00e9konyan el\u00e9rj\u00e9k a k\u00edv\u00e1nt k\u00f6z\u00f6ns\u00e9get.<\/h2>\t\t<\/div>\n\t\t\t\t<\/div>\n\t\t\t\t<div class=\"elementor-element elementor-element-7218cd4 elementor-widget elementor-widget-heading\" data-id=\"7218cd4\" data-element_type=\"widget\" data-widget_type=\"heading.default\">\n\t\t\t\t<div class=\"elementor-widget-container\">\n\t\t\t<h2 class=\"elementor-heading-title elementor-size-default\"><span style=\"color: #7862FB;\">Kreativit\u00e1s : <\/span>Az \u00f3ri\u00e1splak\u00e1tok m\u00e9rete \u00e9s vizu\u00e1lis vonzereje lehet\u0151s\u00e9get ny\u00fajt kreat\u00edv \u00e9s magas min\u0151s\u00e9g\u0171 rekl\u00e1mok l\u00e9trehoz\u00e1s\u00e1ra. A kreat\u00edv hirdet\u00e9sek vonz\u00f3ak \u00e9s eml\u00e9kezetesek lehetnek az emberek sz\u00e1m\u00e1ra.<\/h2>\t\t<\/div>\n\t\t\t\t<\/div>\n\t\t\t\t<section data-particle_enable=\"false\" data-particle-mobile-disabled=\"false\" class=\"elementor-section elementor-inner-section elementor-element elementor-element-77d5fc4 elementor-section-full_width elementor-section-height-default elementor-section-height-default\" data-id=\"77d5fc4\" data-element_type=\"section\">\n\t\t\t\t\t\t<div class=\"elementor-container elementor-column-gap-default\">\n\t\t\t\t\t<div class=\"elementor-column elementor-col-100 elementor-inner-column elementor-element elementor-element-3a29727\" data-id=\"3a29727\" data-element_type=\"column\">\n\t\t\t<div class=\"elementor-widget-wrap elementor-element-populated\">\n\t\t\t\t\t\t\t\t<section data-particle_enable=\"false\" data-particle-mobile-disabled=\"false\" class=\"elementor-section elementor-inner-section elementor-element elementor-element-4300d92 elementor-section-full_width elementor-section-height-default elementor-section-height-default\" data-id=\"4300d92\" data-element_type=\"section\">\n\t\t\t\t\t\t<div class=\"elementor-container elementor-column-gap-default\">\n\t\t\t\t\t<div class=\"elementor-column elementor-col-25 elementor-inner-column elementor-element elementor-element-d941732\" data-id=\"d941732\" data-element_type=\"column\">\n\t\t\t<div class=\"elementor-widget-wrap elementor-element-populated\">\n\t\t\t\t\t\t\t\t<div class=\"elementor-element elementor-element-654bf65 elementor-view-default elementor-widget elementor-widget-icon\" data-id=\"654bf65\" data-element_type=\"widget\" data-widget_type=\"icon.default\">\n\t\t\t\t<div class=\"elementor-widget-container\">\n\t\t\t\t\t<div class=\"elementor-icon-wrapper\">\n\t\t\t<div class=\"elementor-icon\">\n\t\t\t<svg xmlns=\"http:\/\/www.w3.org\/2000\/svg\" xmlns:xlink=\"http:\/\/www.w3.org\/1999\/xlink\" id=\"Layer_1\" x=\"0px\" y=\"0px\" viewbox=\"0 0 1000 1000\" style=\"enable-background:new 0 0 1000 1000;\" xml:space=\"preserve\"><style type=\"text\/css\">\t.st0{fill:#FFFFFF;}<\/style><rect width=\"1000\" height=\"1000\"><\/rect><g>\t<g>\t\t<path class=\"st0\" d=\"M424.61,194.71c-30.95-28.04-72.17-42.07-123.7-42.07H159.32v53.8h139.73c35.04,0,63.81,9.6,86.27,28.76   c22.47,19.19,33.72,43.82,33.72,73.92c0,28.06-10.41,52.05-31.24,72.04c-20.83,20.01-45.66,30.02-74.54,30.02   c-30.08,0-55.12-10.62-75.13-31.86c-20.01-21.24-29.99-47.52-29.99-78.86c0-2.09,0.05-4.14,0.09-6.12v-0.16l0.8-51.23h-49.41   l-1.5,48.37l-0.64,20.6c0,0.8,0.05,1.61,0.09,2.41c1.55,42.36,16.26,77.83,44.07,106.44c29.47,30.31,66.28,45.45,110.4,45.45   c44.55,0,82.16-15.37,112.9-46.09c30.7-30.7,46.07-68.53,46.07-113.49C471,260.06,455.52,222.75,424.61,194.71z\"><\/path>\t\t<rect x=\"70.08\" y=\"152.65\" class=\"st0\" width=\"53.8\" height=\"53.8\"><\/rect>\t<\/g>\t<g>\t\t<path class=\"st0\" d=\"M841.21,291.33l-1.5-48.37h-49.39l0.77,51.23v0.16c0.07,1.98,0.11,4.02,0.11,6.12   c0,31.33-9.98,57.62-29.99,78.86c-20.01,21.24-45.07,31.86-75.15,31.86c-28.88,0-53.71-10-74.54-30.02   c-20.81-19.99-31.22-43.98-31.22-72.04c0-30.11,11.23-54.73,33.7-73.92c22.47-19.17,51.25-28.76,86.27-28.76h139.73v-53.8H698.43   c-51.53,0-92.77,14.03-123.7,42.07c-30.92,28.04-46.41,65.35-46.41,111.94c0,44.95,15.39,82.79,46.09,113.49   c30.74,30.72,68.35,46.09,112.9,46.09c44.09,0,80.9-15.14,110.37-45.45c27.81-28.61,42.52-64.08,44.09-106.44   c0.02-0.8,0.07-1.61,0.07-2.41L841.21,291.33z\"><\/path>\t\t<rect x=\"875.46\" y=\"152.65\" class=\"st0\" width=\"53.8\" height=\"53.8\"><\/rect>\t<\/g>\t<g>\t\t<path class=\"st0\" d=\"M791.75,705.81l-0.77,51.23h49.41l1.48-48.37l0.64-20.6c0-0.8-0.05-1.61-0.07-2.41   c-1.57-42.36-16.28-77.83-44.07-106.44c-29.49-30.31-66.28-45.45-110.4-45.45c-44.55,0-82.16,15.37-112.9,46.09   c-30.7,30.7-46.09,68.53-46.09,113.49c0,46.59,15.48,83.91,46.41,111.94c30.92,28.04,72.17,42.07,123.7,42.07h141.59v-53.8H700.94   c-35.02,0-63.78-9.6-86.27-28.76c-22.47-19.19-33.7-43.82-33.7-73.92c0-28.06,10.41-52.05,31.22-72.04   c20.85-20.01,45.68-30.02,74.54-30.02c30.08,0,55.14,10.62,75.15,31.86c20.01,21.24,29.99,47.52,29.99,78.86   c0,2.09-0.05,4.14-0.11,6.12V705.81z\"><\/path>\t\t<rect x=\"876.12\" y=\"793.55\" class=\"st0\" width=\"53.8\" height=\"53.8\"><\/rect>\t<\/g>\t<g>\t\t<path class=\"st0\" d=\"M425.59,579.86c-30.74-30.72-68.35-46.09-112.9-46.09c-44.11,0-80.9,15.14-110.4,45.45   c-27.81,28.61-42.52,64.08-44.07,106.44c-0.05,0.8-0.07,1.61-0.07,2.41l0.61,20.6l1.5,48.37h49.41l-0.8-51.23v-0.16   c-0.05-1.98-0.09-4.02-0.09-6.12c0-31.33,9.98-57.62,29.99-78.86c20.01-21.24,45.05-31.86,75.15-31.86   c28.86,0,53.69,10.01,74.51,30.02c20.83,19.99,31.24,43.98,31.24,72.04c0,30.11-11.26,54.73-33.72,73.92   c-22.47,19.17-51.23,28.76-86.27,28.76H159.98v53.8h141.59c51.53,0,92.75-14.03,123.7-42.07c30.92-28.04,46.39-65.35,46.39-111.94   C471.66,648.39,456.29,610.56,425.59,579.86z\"><\/path>\t\t<rect x=\"70.74\" y=\"793.55\" class=\"st0\" width=\"53.8\" height=\"53.8\"><\/rect>\t<\/g><\/g><\/svg>\t\t\t<\/div>\n\t\t<\/div>\n\t\t\t\t<\/div>\n\t\t\t\t<\/div>\n\t\t\t\t\t<\/div>\n\t\t<\/div>\n\t\t\t\t<div class=\"elementor-column elementor-col-25 elementor-inner-column elementor-element elementor-element-c56fb81 elementor-hidden-mobile\" data-id=\"c56fb81\" data-element_type=\"column\">\n\t\t\t<div class=\"elementor-widget-wrap elementor-element-populated\">\n\t\t\t\t\t\t\t\t<div class=\"elementor-element elementor-element-ab92c3c elementor-icon-list--layout-traditional elementor-list-item-link-full_width elementor-widget elementor-widget-icon-list\" data-id=\"ab92c3c\" data-element_type=\"widget\" data-widget_type=\"icon-list.default\">\n\t\t\t\t<div class=\"elementor-widget-container\">\n\t\t\t\t\t<ul class=\"elementor-icon-list-items\">\n\t\t\t\t\t\t\t<li class=\"elementor-icon-list-item\">\n\t\t\t\t\t\t\t\t\t\t\t<a href=\"https:\/\/instagram.com\/pixtarmedia?igshid=MzRlODBiNWFlZA==\">\n\n\t\t\t\t\t\t\t\t\t\t\t<span class=\"elementor-icon-list-text\">INSTAGRAM<\/span>\n\t\t\t\t\t\t\t\t\t\t\t<\/a>\n\t\t\t\t\t\t\t\t\t<\/li>\n\t\t\t\t\t\t\t\t<li class=\"elementor-icon-list-item\">\n\t\t\t\t\t\t\t\t\t\t\t<a href=\"https:\/\/wa.me\/36704014488\">\n\n\t\t\t\t\t\t\t\t\t\t\t<span class=\"elementor-icon-list-text\">WHATSAPP<\/span>\n\t\t\t\t\t\t\t\t\t\t\t<\/a>\n\t\t\t\t\t\t\t\t\t<\/li>\n\t\t\t\t\t\t\t\t<li class=\"elementor-icon-list-item\">\n\t\t\t\t\t\t\t\t\t\t\t<a href=\"https:\/\/www.linkedin.com\/company\/pixtarmedia\/\">\n\n\t\t\t\t\t\t\t\t\t\t\t<span class=\"elementor-icon-list-text\">LINKEDIN<\/span>\n\t\t\t\t\t\t\t\t\t\t\t<\/a>\n\t\t\t\t\t\t\t\t\t<\/li>\n\t\t\t\t\t\t\t\t<li class=\"elementor-icon-list-item\">\n\t\t\t\t\t\t\t\t\t\t\t<a href=\"https:\/\/www.facebook.com\/profile.php?id=100083330171597\">\n\n\t\t\t\t\t\t\t\t\t\t\t<span class=\"elementor-icon-list-text\">FACEBOOK<\/span>\n\t\t\t\t\t\t\t\t\t\t\t<\/a>\n\t\t\t\t\t\t\t\t\t<\/li>\n\t\t\t\t\t\t<\/ul>\n\t\t\t\t<\/div>\n\t\t\t\t<\/div>\n\t\t\t\t\t<\/div>\n\t\t<\/div>\n\t\t\t\t<div class=\"elementor-column elementor-col-25 elementor-inner-column elementor-element elementor-element-cfdc194\" data-id=\"cfdc194\" data-element_type=\"column\">\n\t\t\t<div class=\"elementor-widget-wrap elementor-element-populated\">\n\t\t\t\t\t\t\t\t<div class=\"elementor-element elementor-element-7ced803 elementor-icon-list--layout-traditional elementor-list-item-link-full_width elementor-widget elementor-widget-icon-list\" data-id=\"7ced803\" data-element_type=\"widget\" data-widget_type=\"icon-list.default\">\n\t\t\t\t<div class=\"elementor-widget-container\">\n\t\t\t\t\t<ul class=\"elementor-icon-list-items\">\n\t\t\t\t\t\t\t<li class=\"elementor-icon-list-item\">\n\t\t\t\t\t\t\t\t\t\t\t<a href=\"#\">\n\n\t\t\t\t\t\t\t\t\t\t\t<span class=\"elementor-icon-list-text\">r\u00f3lunk<\/span>\n\t\t\t\t\t\t\t\t\t\t\t<\/a>\n\t\t\t\t\t\t\t\t\t<\/li>\n\t\t\t\t\t\t\t\t<li class=\"elementor-icon-list-item\">\n\t\t\t\t\t\t\t\t\t\t\t<a href=\"https:\/\/pixtarmedia.hu\/hu\/contact\/\">\n\n\t\t\t\t\t\t\t\t\t\t\t<span class=\"elementor-icon-list-text\">kapcsolat<\/span>\n\t\t\t\t\t\t\t\t\t\t\t<\/a>\n\t\t\t\t\t\t\t\t\t<\/li>\n\t\t\t\t\t\t\t\t<li class=\"elementor-icon-list-item\">\n\t\t\t\t\t\t\t\t\t\t\t<a href=\"https:\/\/pixtarmedia.hu\/hu\/privacy-policy\/\">\n\n\t\t\t\t\t\t\t\t\t\t\t<span class=\"elementor-icon-list-text\">adatv\u00e9delmi t\u00e1j\u00e9koztat\u00f3<\/span>\n\t\t\t\t\t\t\t\t\t\t\t<\/a>\n\t\t\t\t\t\t\t\t\t<\/li>\n\t\t\t\t\t\t<\/ul>\n\t\t\t\t<\/div>\n\t\t\t\t<\/div>\n\t\t\t\t\t<\/div>\n\t\t<\/div>\n\t\t\t\t<div class=\"elementor-column elementor-col-25 elementor-inner-column elementor-element elementor-element-e107f0a\" data-id=\"e107f0a\" data-element_type=\"column\">\n\t\t\t<div class=\"elementor-widget-wrap elementor-element-populated\">\n\t\t\t\t\t\t\t\t<div class=\"elementor-element elementor-element-550ec99 elementor-widget elementor-widget-heading\" data-id=\"550ec99\" data-element_type=\"widget\" data-widget_type=\"heading.default\">\n\t\t\t\t<div class=\"elementor-widget-container\">\n\t\t\t<h2 class=\"elementor-heading-title elementor-size-default\">kapcsolat<\/h2>\t\t<\/div>\n\t\t\t\t<\/div>\n\t\t\t\t<div class=\"elementor-element elementor-element-f873749 elementor-icon-list--layout-traditional elementor-list-item-link-full_width elementor-widget elementor-widget-icon-list\" data-id=\"f873749\" data-element_type=\"widget\" data-widget_type=\"icon-list.default\">\n\t\t\t\t<div class=\"elementor-widget-container\">\n\t\t\t\t\t<ul class=\"elementor-icon-list-items\">\n\t\t\t\t\t\t\t<li class=\"elementor-icon-list-item\">\n\t\t\t\t\t\t\t\t\t\t\t<a href=\"mailto: info@pixtarmedia.hu\">\n\n\t\t\t\t\t\t\t\t\t\t\t<span class=\"elementor-icon-list-text\">info@pixtarmedia.hu<\/span>\n\t\t\t\t\t\t\t\t\t\t\t<\/a>\n\t\t\t\t\t\t\t\t\t<\/li>\n\t\t\t\t\t\t\t\t<li class=\"elementor-icon-list-item\">\n\t\t\t\t\t\t\t\t\t\t\t<a href=\"tel:  36 70 401 4488\">\n\n\t\t\t\t\t\t\t\t\t\t\t<span class=\"elementor-icon-list-text\"> +36 70 401 4488<\/span>\n\t\t\t\t\t\t\t\t\t\t\t<\/a>\n\t\t\t\t\t\t\t\t\t<\/li>\n\t\t\t\t\t\t<\/ul>\n\t\t\t\t<\/div>\n\t\t\t\t<\/div>\n\t\t\t\t\t<\/div>\n\t\t<\/div>\n\t\t\t\t\t\t\t<\/div>\n\t\t<\/section>\n\t\t\t\t\t<\/div>\n\t\t<\/div>\n\t\t\t\t\t\t\t<\/div>\n\t\t<\/section>\n\t\t\t\t\t<\/div>\n\t\t<\/div>\n\t\t\t\t\t\t\t<\/div>\n\t\t<\/section>\n\t\t\t\t<section data-particle_enable=\"false\" data-particle-mobile-disabled=\"false\" class=\"elementor-section elementor-top-section elementor-element elementor-element-080f573 elementor-section-boxed elementor-section-height-default elementor-section-height-default\" data-id=\"080f573\" data-element_type=\"section\" data-settings=\"{&quot;background_background&quot;:&quot;classic&quot;}\">\n\t\t\t\t\t\t<div class=\"elementor-container elementor-column-gap-default\">\n\t\t\t\t\t<div class=\"elementor-column elementor-col-100 elementor-top-column elementor-element elementor-element-c15de5b\" data-id=\"c15de5b\" data-element_type=\"column\">\n\t\t\t<div class=\"elementor-widget-wrap elementor-element-populated\">\n\t\t\t\t\t\t\t\t<section data-particle_enable=\"false\" data-particle-mobile-disabled=\"false\" class=\"elementor-section elementor-inner-section elementor-element elementor-element-2271f4d elementor-hidden-desktop elementor-hidden-tablet elementor-section-boxed elementor-section-height-default elementor-section-height-default\" data-id=\"2271f4d\" data-element_type=\"section\">\n\t\t\t\t\t\t<div class=\"elementor-container elementor-column-gap-default\">\n\t\t\t\t\t<div class=\"elementor-column elementor-col-50 elementor-inner-column elementor-element elementor-element-8c921c4\" data-id=\"8c921c4\" data-element_type=\"column\">\n\t\t\t<div class=\"elementor-widget-wrap elementor-element-populated\">\n\t\t\t\t\t\t\t\t<div class=\"elementor-element elementor-element-804e065 elementor-hidden-desktop elementor-hidden-tablet elementor-icon-list--layout-traditional elementor-list-item-link-full_width elementor-widget elementor-widget-icon-list\" data-id=\"804e065\" data-element_type=\"widget\" data-widget_type=\"icon-list.default\">\n\t\t\t\t<div class=\"elementor-widget-container\">\n\t\t\t\t\t<ul class=\"elementor-icon-list-items\">\n\t\t\t\t\t\t\t<li class=\"elementor-icon-list-item\">\n\t\t\t\t\t\t\t\t\t\t\t<a href=\"https:\/\/instagram.com\/pixtarmedia?igshid=MzRlODBiNWFlZA==\">\n\n\t\t\t\t\t\t\t\t\t\t\t<span class=\"elementor-icon-list-text\">INSTAGRAM<\/span>\n\t\t\t\t\t\t\t\t\t\t\t<\/a>\n\t\t\t\t\t\t\t\t\t<\/li>\n\t\t\t\t\t\t\t\t<li class=\"elementor-icon-list-item\">\n\t\t\t\t\t\t\t\t\t\t\t<a href=\"https:\/\/wa.me\/36704014488\">\n\n\t\t\t\t\t\t\t\t\t\t\t<span class=\"elementor-icon-list-text\">WHATSAPP<\/span>\n\t\t\t\t\t\t\t\t\t\t\t<\/a>\n\t\t\t\t\t\t\t\t\t<\/li>\n\t\t\t\t\t\t<\/ul>\n\t\t\t\t<\/div>\n\t\t\t\t<\/div>\n\t\t\t\t\t<\/div>\n\t\t<\/div>\n\t\t\t\t<div class=\"elementor-column elementor-col-50 elementor-inner-column elementor-element elementor-element-c8d9898\" data-id=\"c8d9898\" data-element_type=\"column\">\n\t\t\t<div class=\"elementor-widget-wrap elementor-element-populated\">\n\t\t\t\t\t\t\t\t<div class=\"elementor-element elementor-element-b492ddf elementor-hidden-desktop elementor-hidden-tablet elementor-icon-list--layout-traditional elementor-list-item-link-full_width elementor-widget elementor-widget-icon-list\" data-id=\"b492ddf\" data-element_type=\"widget\" data-widget_type=\"icon-list.default\">\n\t\t\t\t<div class=\"elementor-widget-container\">\n\t\t\t\t\t<ul class=\"elementor-icon-list-items\">\n\t\t\t\t\t\t\t<li class=\"elementor-icon-list-item\">\n\t\t\t\t\t\t\t\t\t\t\t<a href=\"https:\/\/www.linkedin.com\/company\/pixtarmedia\/\">\n\n\t\t\t\t\t\t\t\t\t\t\t<span class=\"elementor-icon-list-text\">LINKEDIN<\/span>\n\t\t\t\t\t\t\t\t\t\t\t<\/a>\n\t\t\t\t\t\t\t\t\t<\/li>\n\t\t\t\t\t\t\t\t<li class=\"elementor-icon-list-item\">\n\t\t\t\t\t\t\t\t\t\t\t<a href=\"https:\/\/www.facebook.com\/profile.php?id=100083330171597\">\n\n\t\t\t\t\t\t\t\t\t\t\t<span class=\"elementor-icon-list-text\">FACEBOOK<\/span>\n\t\t\t\t\t\t\t\t\t\t\t<\/a>\n\t\t\t\t\t\t\t\t\t<\/li>\n\t\t\t\t\t\t<\/ul>\n\t\t\t\t<\/div>\n\t\t\t\t<\/div>\n\t\t\t\t\t<\/div>\n\t\t<\/div>\n\t\t\t\t\t\t\t<\/div>\n\t\t<\/section>\n\t\t\t\t\t<\/div>\n\t\t<\/div>\n\t\t\t\t\t\t\t<\/div>\n\t\t<\/section>\n\t\t\t\t\t\t\t<\/div>","protected":false},"excerpt":{"rendered":"<p>Out Of Home Advertising Request a quote Out-of-home advertising (OOH) refers to any form of visual advertising displayed in public places, such as billboards, bus shelters, and digital screens. Despite the rise of online marketing, OOH remains a powerful and effective way to reach a large, diverse audience. OOH advertising offers several unique advantages. For [&hellip;]<\/p>","protected":false},"author":1,"featured_media":0,"parent":23,"menu_order":0,"comment_status":"closed","ping_status":"closed","template":"elementor_header_footer","meta":[],"_links":{"self":[{"href":"https:\/\/pixtarmedia.hu\/hu\/wp-json\/wp\/v2\/pages\/283"}],"collection":[{"href":"https:\/\/pixtarmedia.hu\/hu\/wp-json\/wp\/v2\/pages"}],"about":[{"href":"https:\/\/pixtarmedia.hu\/hu\/wp-json\/wp\/v2\/types\/page"}],"author":[{"embeddable":true,"href":"https:\/\/pixtarmedia.hu\/hu\/wp-json\/wp\/v2\/users\/1"}],"replies":[{"embeddable":true,"href":"https:\/\/pixtarmedia.hu\/hu\/wp-json\/wp\/v2\/comments?post=283"}],"version-history":[{"count":6,"href":"https:\/\/pixtarmedia.hu\/hu\/wp-json\/wp\/v2\/pages\/283\/revisions"}],"predecessor-version":[{"id":1749,"href":"https:\/\/pixtarmedia.hu\/hu\/wp-json\/wp\/v2\/pages\/283\/revisions\/1749"}],"up":[{"embeddable":true,"href":"https:\/\/pixtarmedia.hu\/hu\/wp-json\/wp\/v2\/pages\/23"}],"wp:attachment":[{"href":"https:\/\/pixtarmedia.hu\/hu\/wp-json\/wp\/v2\/media?parent=283"}],"curies":[{"name":"wp","href":"https:\/\/api.w.org\/{rel}","templated":true}]}}