{"id":226,"date":"2023-05-19T19:38:01","date_gmt":"2023-05-19T17:38:01","guid":{"rendered":"https:\/\/pixtarmedia.hu\/?page_id=226"},"modified":"2023-07-18T10:52:16","modified_gmt":"2023-07-18T08:52:16","slug":"tv-advertising","status":"publish","type":"page","link":"https:\/\/pixtarmedia.hu\/hu\/services\/tv-advertising\/","title":{"rendered":"Telev\u00edzi\u00f3s hirdet\u00e9s"},"content":{"rendered":"<div data-elementor-type=\"wp-page\" data-elementor-id=\"226\" class=\"elementor elementor-226\">\n\t\t\t\t\t\t\t\t\t<section data-particle_enable=\"false\" data-particle-mobile-disabled=\"false\" class=\"elementor-section elementor-top-section elementor-element elementor-element-0b34a23 elementor-section-boxed elementor-section-height-default elementor-section-height-default\" data-id=\"0b34a23\" data-element_type=\"section\" data-settings=\"{&quot;background_background&quot;:&quot;classic&quot;}\">\n\t\t\t\t\t\t\t<div class=\"elementor-background-overlay\"><\/div>\n\t\t\t\t\t\t\t<div class=\"elementor-container elementor-column-gap-default\">\n\t\t\t\t\t<div class=\"elementor-column elementor-col-100 elementor-top-column elementor-element elementor-element-4c350f5\" data-id=\"4c350f5\" data-element_type=\"column\">\n\t\t\t<div class=\"elementor-widget-wrap elementor-element-populated\">\n\t\t\t\t\t\t\t\t<div class=\"elementor-element elementor-element-7eda947 elementor-widget elementor-widget-heading\" data-id=\"7eda947\" data-element_type=\"widget\" data-widget_type=\"heading.default\">\n\t\t\t\t<div class=\"elementor-widget-container\">\n\t\t\t<style>\/*! elementor - v3.13.3 - 28-05-2023 *\/\n.elementor-heading-title{padding:0;margin:0;line-height:1}.elementor-widget-heading .elementor-heading-title[class*=elementor-size-]>a{color:inherit;font-size:inherit;line-height:inherit}.elementor-widget-heading .elementor-heading-title.elementor-size-small{font-size:15px}.elementor-widget-heading .elementor-heading-title.elementor-size-medium{font-size:19px}.elementor-widget-heading .elementor-heading-title.elementor-size-large{font-size:29px}.elementor-widget-heading .elementor-heading-title.elementor-size-xl{font-size:39px}.elementor-widget-heading .elementor-heading-title.elementor-size-xxl{font-size:59px}<\/style><h2 class=\"elementor-heading-title elementor-size-default\">Telev\u00edzi\u00f3s hirdet\u00e9s<\/h2>\t\t<\/div>\n\t\t\t\t<\/div>\n\t\t\t\t<div class=\"elementor-element elementor-element-e55314a elementor-widget elementor-widget-button\" data-id=\"e55314a\" data-element_type=\"widget\" data-widget_type=\"button.default\">\n\t\t\t\t<div class=\"elementor-widget-container\">\n\t\t\t\t\t<div class=\"elementor-button-wrapper\">\n\t\t\t<a href=\"#\" class=\"elementor-button-link elementor-button elementor-size-sm\" role=\"button\">\n\t\t\t\t\t\t<span class=\"elementor-button-content-wrapper\">\n\t\t\t\t\t\t<span class=\"elementor-button-text\">K\u00e9rj aj\u00e1nlatot<\/span>\n\t\t<\/span>\n\t\t\t\t\t<\/a>\n\t\t<\/div>\n\t\t\t\t<\/div>\n\t\t\t\t<\/div>\n\t\t\t\t<div class=\"elementor-element elementor-element-342c0a0 elementor-widget elementor-widget-heading\" data-id=\"342c0a0\" data-element_type=\"widget\" data-widget_type=\"heading.default\">\n\t\t\t\t<div class=\"elementor-widget-container\">\n\t\t\t<h2 class=\"elementor-heading-title elementor-size-default\">A telev\u00edzi\u00f3s rekl\u00e1mok ma is jelent\u0151s szerepet j\u00e1tszanak. B\u00e1r sok ember t\u00e9vesen azt gondolja, hogy a TV-s hirdet\u00e9sek ideje v\u00e9get \u00e9rt az online rekl\u00e1moz\u00e1ssal, a j\u00f3l c\u00e9lozott telev\u00edzi\u00f3s hirdet\u00e9sek sok esetben jobb eredm\u00e9nyeket \u00e9rhetnek el az online platformokn\u00e1l. \u00dcgyfeleink sz\u00e1m\u00e1ra sz\u00e1mos rekl\u00e1moz\u00e1si lehet\u0151s\u00e9get k\u00edn\u00e1lunk, hogy prom\u00f3t\u00e1lj\u00e1k term\u00e9keiket vagy szolg\u00e1ltat\u00e1saikat a legfontosabb orsz\u00e1gos \u00e9s helyi telev\u00edzi\u00f3s csatorn\u00e1kon. V\u00e1s\u00e1rl\u00f3inknak lehet\u0151s\u00e9g\u00fck van v\u00e1lasztani k\u00fcl\u00f6nb\u00f6z\u0151 rekl\u00e1moz\u00e1si form\u00e1k k\u00f6z\u00fcl, \u00edgy minden kis, k\u00f6zepes \u00e9s nagyv\u00e1llalat megtal\u00e1lhatja a sz\u00e1m\u00e1ra megfelel\u0151 telev\u00edzi\u00f3s rekl\u00e1moz\u00e1si lehet\u0151s\u00e9get.<\/h2>\t\t<\/div>\n\t\t\t\t<\/div>\n\t\t\t\t<div class=\"elementor-element elementor-element-9031059 elementor-icon-list--layout-traditional elementor-list-item-link-full_width elementor-widget elementor-widget-icon-list\" data-id=\"9031059\" data-element_type=\"widget\" data-widget_type=\"icon-list.default\">\n\t\t\t\t<div class=\"elementor-widget-container\">\n\t\t\t<link rel=\"stylesheet\" href=\"https:\/\/pixtarmedia.hu\/wp-content\/plugins\/elementor\/assets\/css\/widget-icon-list.min.css\">\t\t<ul class=\"elementor-icon-list-items\">\n\t\t\t\t\t\t\t<li class=\"elementor-icon-list-item\">\n\t\t\t\t\t\t\t\t\t\t\t<span class=\"elementor-icon-list-icon\">\n\t\t\t\t\t\t\t<i aria-hidden=\"true\" class=\"fas fa-circle\"><\/i>\t\t\t\t\t\t<\/span>\n\t\t\t\t\t\t\t\t\t\t<span class=\"elementor-icon-list-text\">Rekl\u00e1m spot<\/span>\n\t\t\t\t\t\t\t\t\t<\/li>\n\t\t\t\t\t\t\t\t<li class=\"elementor-icon-list-item\">\n\t\t\t\t\t\t\t\t\t\t\t<span class=\"elementor-icon-list-icon\">\n\t\t\t\t\t\t\t<i aria-hidden=\"true\" class=\"fas fa-circle\"><\/i>\t\t\t\t\t\t<\/span>\n\t\t\t\t\t\t\t\t\t\t<span class=\"elementor-icon-list-text\">M\u0171sort\u00e1mogat\u00e1s<\/span>\n\t\t\t\t\t\t\t\t\t<\/li>\n\t\t\t\t\t\t\t\t<li class=\"elementor-icon-list-item\">\n\t\t\t\t\t\t\t\t\t\t\t<span class=\"elementor-icon-list-icon\">\n\t\t\t\t\t\t\t<i aria-hidden=\"true\" class=\"fas fa-circle\"><\/i>\t\t\t\t\t\t<\/span>\n\t\t\t\t\t\t\t\t\t\t<span class=\"elementor-icon-list-text\">Nyerem\u00e9ny felaj\u00e1nl\u00e1s<\/span>\n\t\t\t\t\t\t\t\t\t<\/li>\n\t\t\t\t\t\t<\/ul>\n\t\t\t\t<\/div>\n\t\t\t\t<\/div>\n\t\t\t\t\t<\/div>\n\t\t<\/div>\n\t\t\t\t\t\t\t<\/div>\n\t\t<\/section>\n\t\t\t\t<section data-particle_enable=\"false\" data-particle-mobile-disabled=\"false\" class=\"elementor-section elementor-top-section elementor-element elementor-element-c76d1ef elementor-section-boxed elementor-section-height-default elementor-section-height-default\" data-id=\"c76d1ef\" data-element_type=\"section\" data-settings=\"{&quot;background_background&quot;:&quot;classic&quot;}\">\n\t\t\t\t\t\t\t<div class=\"elementor-background-overlay\"><\/div>\n\t\t\t\t\t\t\t<div class=\"elementor-container elementor-column-gap-default\">\n\t\t\t\t\t<div class=\"elementor-column elementor-col-100 elementor-top-column elementor-element elementor-element-286cb0e\" data-id=\"286cb0e\" data-element_type=\"column\">\n\t\t\t<div class=\"elementor-widget-wrap elementor-element-populated\">\n\t\t\t\t\t\t\t\t<div class=\"elementor-element elementor-element-9b2bd6e elementor-widget elementor-widget-heading\" data-id=\"9b2bd6e\" data-element_type=\"widget\" data-widget_type=\"heading.default\">\n\t\t\t\t<div class=\"elementor-widget-container\">\n\t\t\t<h2 class=\"elementor-heading-title elementor-size-default\">El\u0151nyei<\/h2>\t\t<\/div>\n\t\t\t\t<\/div>\n\t\t\t\t<div class=\"elementor-element elementor-element-dee756a elementor-widget elementor-widget-heading\" data-id=\"dee756a\" data-element_type=\"widget\" data-widget_type=\"heading.default\">\n\t\t\t\t<div class=\"elementor-widget-container\">\n\t\t\t<h2 class=\"elementor-heading-title elementor-size-default\"><span style=\"color: #7862FB;\">Wide reach : <\/span>A telev\u00edzi\u00f3s rekl\u00e1moz\u00e1s sz\u00e9les k\u00f6rben elterjedt, lehet\u0151v\u00e9 teszi a v\u00e1llalkoz\u00e1sok sz\u00e1m\u00e1ra, hogy kapcsolatot teremtsenek nagy k\u00f6z\u00f6ns\u00e9ggel. A telev\u00edzi\u00f3 m\u00e9g mindig az egyik legn\u00e9pszer\u0171bb sz\u00f3rakoz\u00e1si forma, \u00e9s minden koroszt\u00e1lyt, nemet \u00e9s demogr\u00e1fiai csoportot el\u00e9r.<\/h2>\t\t<\/div>\n\t\t\t\t<\/div>\n\t\t\t\t<div class=\"elementor-element elementor-element-84726b5 elementor-widget elementor-widget-heading\" data-id=\"84726b5\" data-element_type=\"widget\" data-widget_type=\"heading.default\">\n\t\t\t\t<div class=\"elementor-widget-container\">\n\t\t\t<h2 class=\"elementor-heading-title elementor-size-default\"><span style=\"color: #7862FB;\">Audiovizu\u00e1lis hat\u00e1s : <\/span> A telev\u00edzi\u00f3s rekl\u00e1mok kiv\u00e1l\u00f3 lehet\u0151s\u00e9get ny\u00fajtanak a m\u00e1rka \u00e9s term\u00e9kek l\u00e1tv\u00e1nyos bemutat\u00e1s\u00e1ra, hiszen sz\u00ednes \u00e9s mozg\u00f3k\u00e9pes form\u00e1tumuk lehet\u0151v\u00e9 teszi a kreat\u00edv \u00e9s hat\u00e9kony prezent\u00e1ci\u00f3t. Hang-, k\u00e9p- \u00e9s anim\u00e1ci\u00f3s effektek er\u0151s hat\u00e1st gyakorolnak az emberek \u00e9rz\u00e9keire, ami hozz\u00e1j\u00e1rul a telev\u00edzi\u00f3s rekl\u00e1mok eml\u00e9kezetess\u00e9g\u00e9hez \u00e9s ez\u00e1ltal hat\u00e9konyabb lehet m\u00e1s m\u00e9diumokban elhelyezett hirdet\u00e9sekn\u00e9l.<\/h2>\t\t<\/div>\n\t\t\t\t<\/div>\n\t\t\t\t<div class=\"elementor-element elementor-element-239405a elementor-widget elementor-widget-heading\" data-id=\"239405a\" data-element_type=\"widget\" data-widget_type=\"heading.default\">\n\t\t\t\t<div class=\"elementor-widget-container\">\n\t\t\t<h2 class=\"elementor-heading-title elementor-size-default\"><span style=\"color: #7862FB;\">C\u00e9lk\u00f6z\u00f6ns\u00e9g el\u00e9r\u00e9se : <\/span>Lehet\u0151s\u00e9get biztos\u00edt arra, hogy pontosabban meghat\u00e1rozd a k\u00edv\u00e1nt c\u00e9lcsoportodat \u00e9s eljuthass azokhoz az emberekhez, akik val\u00f3sz\u00edn\u0171leg \u00e9rdekl\u0151dnek a term\u00e9keid ir\u00e1nt. A telev\u00edzi\u00f3s ad\u00e1sok el\u0151re meghat\u00e1rozott id\u0151pontokban zajlanak, \u00edgy c\u00e9lzott m\u00f3don juttathatod el az \u00fczenetedet a megfelel\u0151 emberekhez.<\/h2>\t\t<\/div>\n\t\t\t\t<\/div>\n\t\t\t\t<div class=\"elementor-element elementor-element-0e27a8a elementor-widget elementor-widget-heading\" data-id=\"0e27a8a\" data-element_type=\"widget\" data-widget_type=\"heading.default\">\n\t\t\t\t<div class=\"elementor-widget-container\">\n\t\t\t<h2 class=\"elementor-heading-title elementor-size-default\"><span style=\"color: #7862FB;\">\u00c9rzelmi hat\u00e1s :<\/span> A hang- \u00e9s k\u00e9pi elemek lehet\u0151v\u00e9 teszik az \u00e9rz\u00e9sek \u00e9s hangulat k\u00f6zvetlen megoszt\u00e1s\u00e1t, ami hat\u00e9konyabb lehet a m\u00e1rk\u00e1k \u00e9s term\u00e9kek \u00e9rt\u00e9kes\u00edt\u00e9s\u00e9ben. A telev\u00edzi\u00f3s rekl\u00e1mok sz\u00e9lesebb spektrumot k\u00edn\u00e1lnak a kreat\u00edv \u00e9s \u00e9rzelmi hat\u00e1s tekintet\u00e9ben m\u00e1s rekl\u00e1moz\u00e1si form\u00e1khoz k\u00e9pest.<\/h2>\t\t<\/div>\n\t\t\t\t<\/div>\n\t\t\t\t<div class=\"elementor-element elementor-element-7218cd4 elementor-widget elementor-widget-heading\" data-id=\"7218cd4\" data-element_type=\"widget\" data-widget_type=\"heading.default\">\n\t\t\t\t<div class=\"elementor-widget-container\">\n\t\t\t<h2 class=\"elementor-heading-title elementor-size-default\"><span style=\"color: #7862FB;\">M\u00e1rkak\u00e9p \u00e9p\u00edt\u00e9se :<\/span> A telev\u00edzi\u00f3s rekl\u00e1moz\u00e1s seg\u00edthet a v\u00e1llalkoz\u00e1soknak \u00e9p\u00edteni a m\u00e1rk\u00e1jukat \u00e9s n\u00f6velni a m\u00e1rkafelismer\u00e9st. A folyamatos kitetts\u00e9g a k\u00f6z\u00f6ns\u00e9gnek a telev\u00edzi\u00f3s rekl\u00e1mokon kereszt\u00fcl seg\u00edt tart\u00f3s benyom\u00e1st kelteni, ami n\u00f6veli annak val\u00f3sz\u00edn\u0171s\u00e9g\u00e9t, hogy a n\u00e9z\u0151k eml\u00e9kezni fognak a m\u00e1rk\u00e1ra.<\/h2>\t\t<\/div>\n\t\t\t\t<\/div>\n\t\t\t\t<section data-particle_enable=\"false\" data-particle-mobile-disabled=\"false\" class=\"elementor-section elementor-inner-section elementor-element elementor-element-77d5fc4 elementor-section-full_width elementor-section-height-default elementor-section-height-default\" data-id=\"77d5fc4\" data-element_type=\"section\">\n\t\t\t\t\t\t<div class=\"elementor-container elementor-column-gap-default\">\n\t\t\t\t\t<div class=\"elementor-column elementor-col-100 elementor-inner-column elementor-element elementor-element-3a29727\" data-id=\"3a29727\" data-element_type=\"column\">\n\t\t\t<div class=\"elementor-widget-wrap elementor-element-populated\">\n\t\t\t\t\t\t\t\t<section data-particle_enable=\"false\" data-particle-mobile-disabled=\"false\" class=\"elementor-section elementor-inner-section elementor-element elementor-element-4300d92 elementor-section-full_width elementor-section-height-default elementor-section-height-default\" data-id=\"4300d92\" data-element_type=\"section\">\n\t\t\t\t\t\t<div class=\"elementor-container elementor-column-gap-default\">\n\t\t\t\t\t<div class=\"elementor-column elementor-col-25 elementor-inner-column elementor-element elementor-element-d941732\" data-id=\"d941732\" data-element_type=\"column\">\n\t\t\t<div class=\"elementor-widget-wrap elementor-element-populated\">\n\t\t\t\t\t\t\t\t<div class=\"elementor-element elementor-element-aa0dc55 elementor-view-default elementor-widget elementor-widget-icon\" data-id=\"aa0dc55\" data-element_type=\"widget\" data-widget_type=\"icon.default\">\n\t\t\t\t<div class=\"elementor-widget-container\">\n\t\t\t\t\t<div class=\"elementor-icon-wrapper\">\n\t\t\t<div class=\"elementor-icon\">\n\t\t\t<svg xmlns=\"http:\/\/www.w3.org\/2000\/svg\" xmlns:xlink=\"http:\/\/www.w3.org\/1999\/xlink\" id=\"Layer_1\" x=\"0px\" y=\"0px\" viewbox=\"0 0 1000 1000\" style=\"enable-background:new 0 0 1000 1000;\" xml:space=\"preserve\"><style type=\"text\/css\">\t.st0{fill:#FFFFFF;}<\/style><rect width=\"1000\" height=\"1000\"><\/rect><g>\t<g>\t\t<path class=\"st0\" d=\"M424.61,194.71c-30.95-28.04-72.17-42.07-123.7-42.07H159.32v53.8h139.73c35.04,0,63.81,9.6,86.27,28.76   c22.47,19.19,33.72,43.82,33.72,73.92c0,28.06-10.41,52.05-31.24,72.04c-20.83,20.01-45.66,30.02-74.54,30.02   c-30.08,0-55.12-10.62-75.13-31.86c-20.01-21.24-29.99-47.52-29.99-78.86c0-2.09,0.05-4.14,0.09-6.12v-0.16l0.8-51.23h-49.41   l-1.5,48.37l-0.64,20.6c0,0.8,0.05,1.61,0.09,2.41c1.55,42.36,16.26,77.83,44.07,106.44c29.47,30.31,66.28,45.45,110.4,45.45   c44.55,0,82.16-15.37,112.9-46.09c30.7-30.7,46.07-68.53,46.07-113.49C471,260.06,455.52,222.75,424.61,194.71z\"><\/path>\t\t<rect x=\"70.08\" y=\"152.65\" class=\"st0\" width=\"53.8\" height=\"53.8\"><\/rect>\t<\/g>\t<g>\t\t<path class=\"st0\" d=\"M841.21,291.33l-1.5-48.37h-49.39l0.77,51.23v0.16c0.07,1.98,0.11,4.02,0.11,6.12   c0,31.33-9.98,57.62-29.99,78.86c-20.01,21.24-45.07,31.86-75.15,31.86c-28.88,0-53.71-10-74.54-30.02   c-20.81-19.99-31.22-43.98-31.22-72.04c0-30.11,11.23-54.73,33.7-73.92c22.47-19.17,51.25-28.76,86.27-28.76h139.73v-53.8H698.43   c-51.53,0-92.77,14.03-123.7,42.07c-30.92,28.04-46.41,65.35-46.41,111.94c0,44.95,15.39,82.79,46.09,113.49   c30.74,30.72,68.35,46.09,112.9,46.09c44.09,0,80.9-15.14,110.37-45.45c27.81-28.61,42.52-64.08,44.09-106.44   c0.02-0.8,0.07-1.61,0.07-2.41L841.21,291.33z\"><\/path>\t\t<rect x=\"875.46\" y=\"152.65\" class=\"st0\" width=\"53.8\" height=\"53.8\"><\/rect>\t<\/g>\t<g>\t\t<path class=\"st0\" d=\"M791.75,705.81l-0.77,51.23h49.41l1.48-48.37l0.64-20.6c0-0.8-0.05-1.61-0.07-2.41   c-1.57-42.36-16.28-77.83-44.07-106.44c-29.49-30.31-66.28-45.45-110.4-45.45c-44.55,0-82.16,15.37-112.9,46.09   c-30.7,30.7-46.09,68.53-46.09,113.49c0,46.59,15.48,83.91,46.41,111.94c30.92,28.04,72.17,42.07,123.7,42.07h141.59v-53.8H700.94   c-35.02,0-63.78-9.6-86.27-28.76c-22.47-19.19-33.7-43.82-33.7-73.92c0-28.06,10.41-52.05,31.22-72.04   c20.85-20.01,45.68-30.02,74.54-30.02c30.08,0,55.14,10.62,75.15,31.86c20.01,21.24,29.99,47.52,29.99,78.86   c0,2.09-0.05,4.14-0.11,6.12V705.81z\"><\/path>\t\t<rect x=\"876.12\" y=\"793.55\" class=\"st0\" width=\"53.8\" height=\"53.8\"><\/rect>\t<\/g>\t<g>\t\t<path class=\"st0\" d=\"M425.59,579.86c-30.74-30.72-68.35-46.09-112.9-46.09c-44.11,0-80.9,15.14-110.4,45.45   c-27.81,28.61-42.52,64.08-44.07,106.44c-0.05,0.8-0.07,1.61-0.07,2.41l0.61,20.6l1.5,48.37h49.41l-0.8-51.23v-0.16   c-0.05-1.98-0.09-4.02-0.09-6.12c0-31.33,9.98-57.62,29.99-78.86c20.01-21.24,45.05-31.86,75.15-31.86   c28.86,0,53.69,10.01,74.51,30.02c20.83,19.99,31.24,43.98,31.24,72.04c0,30.11-11.26,54.73-33.72,73.92   c-22.47,19.17-51.23,28.76-86.27,28.76H159.98v53.8h141.59c51.53,0,92.75-14.03,123.7-42.07c30.92-28.04,46.39-65.35,46.39-111.94   C471.66,648.39,456.29,610.56,425.59,579.86z\"><\/path>\t\t<rect x=\"70.74\" y=\"793.55\" class=\"st0\" width=\"53.8\" height=\"53.8\"><\/rect>\t<\/g><\/g><\/svg>\t\t\t<\/div>\n\t\t<\/div>\n\t\t\t\t<\/div>\n\t\t\t\t<\/div>\n\t\t\t\t\t<\/div>\n\t\t<\/div>\n\t\t\t\t<div class=\"elementor-column elementor-col-25 elementor-inner-column elementor-element elementor-element-c56fb81 elementor-hidden-mobile\" data-id=\"c56fb81\" data-element_type=\"column\">\n\t\t\t<div class=\"elementor-widget-wrap elementor-element-populated\">\n\t\t\t\t\t\t\t\t<div class=\"elementor-element elementor-element-0d059da elementor-icon-list--layout-traditional elementor-list-item-link-full_width elementor-widget elementor-widget-icon-list\" data-id=\"0d059da\" data-element_type=\"widget\" data-widget_type=\"icon-list.default\">\n\t\t\t\t<div class=\"elementor-widget-container\">\n\t\t\t\t\t<ul class=\"elementor-icon-list-items\">\n\t\t\t\t\t\t\t<li class=\"elementor-icon-list-item\">\n\t\t\t\t\t\t\t\t\t\t\t<a href=\"https:\/\/instagram.com\/pixtarmedia?igshid=MzRlODBiNWFlZA==\">\n\n\t\t\t\t\t\t\t\t\t\t\t<span class=\"elementor-icon-list-text\">INSTAGRAM<\/span>\n\t\t\t\t\t\t\t\t\t\t\t<\/a>\n\t\t\t\t\t\t\t\t\t<\/li>\n\t\t\t\t\t\t\t\t<li class=\"elementor-icon-list-item\">\n\t\t\t\t\t\t\t\t\t\t\t<a href=\"https:\/\/wa.me\/36704014488\">\n\n\t\t\t\t\t\t\t\t\t\t\t<span class=\"elementor-icon-list-text\">WHATSAPP<\/span>\n\t\t\t\t\t\t\t\t\t\t\t<\/a>\n\t\t\t\t\t\t\t\t\t<\/li>\n\t\t\t\t\t\t\t\t<li class=\"elementor-icon-list-item\">\n\t\t\t\t\t\t\t\t\t\t\t<a href=\"https:\/\/www.linkedin.com\/company\/pixtarmedia\/\">\n\n\t\t\t\t\t\t\t\t\t\t\t<span class=\"elementor-icon-list-text\">LINKEDIN<\/span>\n\t\t\t\t\t\t\t\t\t\t\t<\/a>\n\t\t\t\t\t\t\t\t\t<\/li>\n\t\t\t\t\t\t\t\t<li class=\"elementor-icon-list-item\">\n\t\t\t\t\t\t\t\t\t\t\t<a href=\"https:\/\/www.facebook.com\/profile.php?id=100083330171597\">\n\n\t\t\t\t\t\t\t\t\t\t\t<span class=\"elementor-icon-list-text\">FACEBOOK<\/span>\n\t\t\t\t\t\t\t\t\t\t\t<\/a>\n\t\t\t\t\t\t\t\t\t<\/li>\n\t\t\t\t\t\t<\/ul>\n\t\t\t\t<\/div>\n\t\t\t\t<\/div>\n\t\t\t\t\t<\/div>\n\t\t<\/div>\n\t\t\t\t<div class=\"elementor-column elementor-col-25 elementor-inner-column elementor-element elementor-element-cfdc194\" data-id=\"cfdc194\" data-element_type=\"column\">\n\t\t\t<div class=\"elementor-widget-wrap elementor-element-populated\">\n\t\t\t\t\t\t\t\t<div class=\"elementor-element elementor-element-7ced803 elementor-icon-list--layout-traditional elementor-list-item-link-full_width elementor-widget elementor-widget-icon-list\" data-id=\"7ced803\" data-element_type=\"widget\" data-widget_type=\"icon-list.default\">\n\t\t\t\t<div class=\"elementor-widget-container\">\n\t\t\t\t\t<ul class=\"elementor-icon-list-items\">\n\t\t\t\t\t\t\t<li class=\"elementor-icon-list-item\">\n\t\t\t\t\t\t\t\t\t\t\t<a href=\"#\">\n\n\t\t\t\t\t\t\t\t\t\t\t<span class=\"elementor-icon-list-text\">r\u00f3lunk<\/span>\n\t\t\t\t\t\t\t\t\t\t\t<\/a>\n\t\t\t\t\t\t\t\t\t<\/li>\n\t\t\t\t\t\t\t\t<li class=\"elementor-icon-list-item\">\n\t\t\t\t\t\t\t\t\t\t<span class=\"elementor-icon-list-text\">kapcsolat<\/span>\n\t\t\t\t\t\t\t\t\t<\/li>\n\t\t\t\t\t\t\t\t<li class=\"elementor-icon-list-item\">\n\t\t\t\t\t\t\t\t\t\t<span class=\"elementor-icon-list-text\">adatv\u00e9delmi t\u00e1j\u00e9koztat\u00f3<\/span>\n\t\t\t\t\t\t\t\t\t<\/li>\n\t\t\t\t\t\t<\/ul>\n\t\t\t\t<\/div>\n\t\t\t\t<\/div>\n\t\t\t\t\t<\/div>\n\t\t<\/div>\n\t\t\t\t<div class=\"elementor-column elementor-col-25 elementor-inner-column elementor-element elementor-element-e107f0a\" data-id=\"e107f0a\" data-element_type=\"column\">\n\t\t\t<div class=\"elementor-widget-wrap elementor-element-populated\">\n\t\t\t\t\t\t\t\t<div class=\"elementor-element elementor-element-550ec99 elementor-widget elementor-widget-heading\" data-id=\"550ec99\" data-element_type=\"widget\" data-widget_type=\"heading.default\">\n\t\t\t\t<div class=\"elementor-widget-container\">\n\t\t\t<h2 class=\"elementor-heading-title elementor-size-default\">kapcsolat<\/h2>\t\t<\/div>\n\t\t\t\t<\/div>\n\t\t\t\t<div class=\"elementor-element elementor-element-f873749 elementor-icon-list--layout-traditional elementor-list-item-link-full_width elementor-widget elementor-widget-icon-list\" data-id=\"f873749\" data-element_type=\"widget\" data-widget_type=\"icon-list.default\">\n\t\t\t\t<div class=\"elementor-widget-container\">\n\t\t\t\t\t<ul class=\"elementor-icon-list-items\">\n\t\t\t\t\t\t\t<li class=\"elementor-icon-list-item\">\n\t\t\t\t\t\t\t\t\t\t<span class=\"elementor-icon-list-text\">info@pixtarmedia.hu<\/span>\n\t\t\t\t\t\t\t\t\t<\/li>\n\t\t\t\t\t\t\t\t<li class=\"elementor-icon-list-item\">\n\t\t\t\t\t\t\t\t\t\t<span class=\"elementor-icon-list-text\"> +36 70 401 4488<\/span>\n\t\t\t\t\t\t\t\t\t<\/li>\n\t\t\t\t\t\t<\/ul>\n\t\t\t\t<\/div>\n\t\t\t\t<\/div>\n\t\t\t\t\t<\/div>\n\t\t<\/div>\n\t\t\t\t\t\t\t<\/div>\n\t\t<\/section>\n\t\t\t\t\t<\/div>\n\t\t<\/div>\n\t\t\t\t\t\t\t<\/div>\n\t\t<\/section>\n\t\t\t\t\t<\/div>\n\t\t<\/div>\n\t\t\t\t\t\t\t<\/div>\n\t\t<\/section>\n\t\t\t\t<section data-particle_enable=\"false\" data-particle-mobile-disabled=\"false\" class=\"elementor-section elementor-top-section elementor-element elementor-element-332844d elementor-section-boxed elementor-section-height-default elementor-section-height-default\" data-id=\"332844d\" data-element_type=\"section\" data-settings=\"{&quot;background_background&quot;:&quot;classic&quot;}\">\n\t\t\t\t\t\t<div class=\"elementor-container elementor-column-gap-default\">\n\t\t\t\t\t<div class=\"elementor-column elementor-col-100 elementor-top-column elementor-element elementor-element-14b348a\" data-id=\"14b348a\" data-element_type=\"column\">\n\t\t\t<div class=\"elementor-widget-wrap elementor-element-populated\">\n\t\t\t\t\t\t\t\t<section data-particle_enable=\"false\" data-particle-mobile-disabled=\"false\" class=\"elementor-section elementor-inner-section elementor-element elementor-element-5f3d52c elementor-hidden-desktop elementor-hidden-tablet elementor-section-boxed elementor-section-height-default elementor-section-height-default\" data-id=\"5f3d52c\" data-element_type=\"section\">\n\t\t\t\t\t\t<div class=\"elementor-container elementor-column-gap-default\">\n\t\t\t\t\t<div class=\"elementor-column elementor-col-50 elementor-inner-column elementor-element elementor-element-677c502\" data-id=\"677c502\" data-element_type=\"column\">\n\t\t\t<div class=\"elementor-widget-wrap elementor-element-populated\">\n\t\t\t\t\t\t\t\t<div class=\"elementor-element elementor-element-27941e3 elementor-hidden-desktop elementor-hidden-tablet elementor-icon-list--layout-traditional elementor-list-item-link-full_width elementor-widget elementor-widget-icon-list\" data-id=\"27941e3\" data-element_type=\"widget\" data-widget_type=\"icon-list.default\">\n\t\t\t\t<div class=\"elementor-widget-container\">\n\t\t\t\t\t<ul class=\"elementor-icon-list-items\">\n\t\t\t\t\t\t\t<li class=\"elementor-icon-list-item\">\n\t\t\t\t\t\t\t\t\t\t\t<a href=\"https:\/\/instagram.com\/pixtarmedia?igshid=MzRlODBiNWFlZA==\">\n\n\t\t\t\t\t\t\t\t\t\t\t<span class=\"elementor-icon-list-text\">INSTAGRAM<\/span>\n\t\t\t\t\t\t\t\t\t\t\t<\/a>\n\t\t\t\t\t\t\t\t\t<\/li>\n\t\t\t\t\t\t\t\t<li class=\"elementor-icon-list-item\">\n\t\t\t\t\t\t\t\t\t\t\t<a href=\"https:\/\/wa.me\/36704014488\">\n\n\t\t\t\t\t\t\t\t\t\t\t<span class=\"elementor-icon-list-text\">WHATSAPP<\/span>\n\t\t\t\t\t\t\t\t\t\t\t<\/a>\n\t\t\t\t\t\t\t\t\t<\/li>\n\t\t\t\t\t\t<\/ul>\n\t\t\t\t<\/div>\n\t\t\t\t<\/div>\n\t\t\t\t\t<\/div>\n\t\t<\/div>\n\t\t\t\t<div class=\"elementor-column elementor-col-50 elementor-inner-column elementor-element elementor-element-057c748\" data-id=\"057c748\" data-element_type=\"column\">\n\t\t\t<div class=\"elementor-widget-wrap elementor-element-populated\">\n\t\t\t\t\t\t\t\t<div class=\"elementor-element elementor-element-b5cf1f2 elementor-hidden-desktop elementor-hidden-tablet elementor-icon-list--layout-traditional elementor-list-item-link-full_width elementor-widget elementor-widget-icon-list\" data-id=\"b5cf1f2\" data-element_type=\"widget\" data-widget_type=\"icon-list.default\">\n\t\t\t\t<div class=\"elementor-widget-container\">\n\t\t\t\t\t<ul class=\"elementor-icon-list-items\">\n\t\t\t\t\t\t\t<li class=\"elementor-icon-list-item\">\n\t\t\t\t\t\t\t\t\t\t\t<a href=\"https:\/\/www.linkedin.com\/company\/pixtarmedia\/\">\n\n\t\t\t\t\t\t\t\t\t\t\t<span class=\"elementor-icon-list-text\">LINKEDIN<\/span>\n\t\t\t\t\t\t\t\t\t\t\t<\/a>\n\t\t\t\t\t\t\t\t\t<\/li>\n\t\t\t\t\t\t\t\t<li class=\"elementor-icon-list-item\">\n\t\t\t\t\t\t\t\t\t\t\t<a href=\"https:\/\/www.facebook.com\/profile.php?id=100083330171597\">\n\n\t\t\t\t\t\t\t\t\t\t\t<span class=\"elementor-icon-list-text\">FACEBOOK<\/span>\n\t\t\t\t\t\t\t\t\t\t\t<\/a>\n\t\t\t\t\t\t\t\t\t<\/li>\n\t\t\t\t\t\t<\/ul>\n\t\t\t\t<\/div>\n\t\t\t\t<\/div>\n\t\t\t\t\t<\/div>\n\t\t<\/div>\n\t\t\t\t\t\t\t<\/div>\n\t\t<\/section>\n\t\t\t\t\t<\/div>\n\t\t<\/div>\n\t\t\t\t\t\t\t<\/div>\n\t\t<\/section>\n\t\t\t\t\t\t\t<\/div>","protected":false},"excerpt":{"rendered":"<p>TV Advertising Request a quote Television advertisements still play a major role today. Although many people mistakenly think that the time of TV spots has come to an end with online advertising, well-targeted television ads can in many cases achieve better results than online platforms. We offer our clients many advertising opportunities to promote their [&hellip;]<\/p>","protected":false},"author":1,"featured_media":0,"parent":23,"menu_order":0,"comment_status":"closed","ping_status":"closed","template":"elementor_header_footer","meta":[],"_links":{"self":[{"href":"https:\/\/pixtarmedia.hu\/hu\/wp-json\/wp\/v2\/pages\/226"}],"collection":[{"href":"https:\/\/pixtarmedia.hu\/hu\/wp-json\/wp\/v2\/pages"}],"about":[{"href":"https:\/\/pixtarmedia.hu\/hu\/wp-json\/wp\/v2\/types\/page"}],"author":[{"embeddable":true,"href":"https:\/\/pixtarmedia.hu\/hu\/wp-json\/wp\/v2\/users\/1"}],"replies":[{"embeddable":true,"href":"https:\/\/pixtarmedia.hu\/hu\/wp-json\/wp\/v2\/comments?post=226"}],"version-history":[{"count":6,"href":"https:\/\/pixtarmedia.hu\/hu\/wp-json\/wp\/v2\/pages\/226\/revisions"}],"predecessor-version":[{"id":1743,"href":"https:\/\/pixtarmedia.hu\/hu\/wp-json\/wp\/v2\/pages\/226\/revisions\/1743"}],"up":[{"embeddable":true,"href":"https:\/\/pixtarmedia.hu\/hu\/wp-json\/wp\/v2\/pages\/23"}],"wp:attachment":[{"href":"https:\/\/pixtarmedia.hu\/hu\/wp-json\/wp\/v2\/media?parent=226"}],"curies":[{"name":"wp","href":"https:\/\/api.w.org\/{rel}","templated":true}]}}